{"id":3345,"date":"2025-04-30T09:31:05","date_gmt":"2025-04-30T07:31:05","guid":{"rendered":"https:\/\/hurrah-experience.com\/informazioni-legali\/"},"modified":"2025-05-14T11:36:20","modified_gmt":"2025-05-14T09:36:20","slug":"informazioni-legali","status":"publish","type":"page","link":"https:\/\/hurrah-experience.com\/it\/informazioni-legali\/","title":{"rendered":"Informazioni legali"},"content":{"rendered":"\t\t<div data-elementor-type=\"wp-page\" data-elementor-id=\"3345\" class=\"elementor elementor-3345 elementor-2768\" data-elementor-post-type=\"page\">\n\t\t\t\t<div class=\"elementor-element elementor-element-6b3c018 e-con-full e-flex e-con e-child\" data-id=\"6b3c018\" data-element_type=\"container\" data-e-type=\"container\">\n\t\t\t\t<div class=\"elementor-element elementor-element-fbafeb6 elementor-widget elementor-widget-spacer\" data-id=\"fbafeb6\" data-element_type=\"widget\" data-e-type=\"widget\" data-widget_type=\"spacer.default\">\n\t\t\t\t<div class=\"elementor-widget-container\">\n\t\t\t\t\t\t\t<div class=\"elementor-spacer\">\n\t\t\t<div class=\"elementor-spacer-inner\"><\/div>\n\t\t<\/div>\n\t\t\t\t\t\t<\/div>\n\t\t\t\t<\/div>\n\t\t\t\t<div class=\"elementor-element elementor-element-89dcbac elementor-widget elementor-widget-heading\" data-id=\"89dcbac\" data-element_type=\"widget\" data-e-type=\"widget\" data-widget_type=\"heading.default\">\n\t\t\t\t<div class=\"elementor-widget-container\">\n\t\t\t\t\t<h1 class=\"elementor-heading-title elementor-size-default\">Informazioni legali<\/h1>\t\t\t\t<\/div>\n\t\t\t\t<\/div>\n\t\t\t\t<div class=\"elementor-element elementor-element-638e3c5 elementor-widget elementor-widget-spacer\" data-id=\"638e3c5\" data-element_type=\"widget\" data-e-type=\"widget\" data-widget_type=\"spacer.default\">\n\t\t\t\t<div class=\"elementor-widget-container\">\n\t\t\t\t\t\t\t<div class=\"elementor-spacer\">\n\t\t\t<div class=\"elementor-spacer-inner\"><\/div>\n\t\t<\/div>\n\t\t\t\t\t\t<\/div>\n\t\t\t\t<\/div>\n\t\t\t\t<div class=\"elementor-element elementor-element-5b2ef7a elementor-widget__width-initial elementor-widget elementor-widget-text-editor\" data-id=\"5b2ef7a\" data-element_type=\"widget\" data-e-type=\"widget\" data-widget_type=\"text-editor.default\">\n\t\t\t\t<div class=\"elementor-widget-container\">\n\t\t\t\t\t\t\t\t\t<p><strong>In conformit\u00e0 con le disposizioni degli articoli 6-III e 19 della Legge n. 2004-575 del 21 giugno 2004<\/strong> <strong>per la Fiducia nell&#8217;Economia Digitale, nota come L.C.E.N, gli utenti e i visitatori del sito web  sono informati della presente legge.<\/strong> <strong>utenti e visitatori del sito web https:\/\/hurrah-experience.com sono informati del presente avviso legale.<\/strong> <strong>avviso legale.<\/strong><\/p>\t\t\t\t\t\t\t\t<\/div>\n\t\t\t\t<\/div>\n\t\t\t\t<div class=\"elementor-element elementor-element-8169029 elementor-widget elementor-widget-spacer\" data-id=\"8169029\" data-element_type=\"widget\" data-e-type=\"widget\" data-widget_type=\"spacer.default\">\n\t\t\t\t<div class=\"elementor-widget-container\">\n\t\t\t\t\t\t\t<div class=\"elementor-spacer\">\n\t\t\t<div class=\"elementor-spacer-inner\"><\/div>\n\t\t<\/div>\n\t\t\t\t\t\t<\/div>\n\t\t\t\t<\/div>\n\t\t<div class=\"elementor-element elementor-element-f12f8d1 e-flex e-con-boxed e-con e-child\" data-id=\"f12f8d1\" data-element_type=\"container\" data-e-type=\"container\">\n\t\t\t\t\t<div class=\"e-con-inner\">\n\t\t\t\t<div class=\"elementor-element elementor-element-b0e054f elementor-widget__width-initial elementor-widget-tablet__width-initial elementor-widget elementor-widget-text-editor\" data-id=\"b0e054f\" data-element_type=\"widget\" data-e-type=\"widget\" data-widget_type=\"text-editor.default\">\n\t\t\t\t<div class=\"elementor-widget-container\">\n\t\t\t\t\t\t\t\t\t<p><strong>Editore del sito<\/strong><\/p>\n<p>Nome della societ\u00e0: HURRAH<br>Forma giuridica: SAS<br>Responsabile della pubblicazione: Quentin Charnol\u00e9<br>Indirizzo della sede legale: 9 rue de l&#8217;Europe - 56400 Plougoumelen<br>E-mail: [contact@hurrah-experience.com]<br>Numero SIRET: [da compilare]<br>Partita IVA intracomunitaria: [se applicabile]<\/p><p><br><\/p>\n<p><strong>Hosting<\/strong><\/p>\n<p>Nome dell&#8217;host: Hover<br>Indirizzo dell&#8217;host 96 Mowat Avenue<br>Toronto, Ontario<br>M6K 3M1<br>CANADA<br>Sito web dell&#8217;host :  [https:\/\/www .hover.com \/]<\/p><p><br><\/p>\n<p><strong>Propriet\u00e0 intellettuale<\/strong><\/p>\n<p>Tutti i contenuti del sito web hurrah-experience.com (testi, immagini, grafici, loghi, video, icone, suoni, software, ecc.) sono protetti dalle leggi vigenti in materia di propriet\u00e0 intellettuale e sono di esclusiva propriet\u00e0 di HURRAH, salvo diversa indicazione. \u00c8 vietata la riproduzione, la rappresentazione, la modifica, la pubblicazione o l&#8217;adattamento di tutti o parte degli elementi del sito, con qualsiasi mezzo o processo, senza previa autorizzazione scritta. <\/p>\t\t\t\t\t\t\t\t<\/div>\n\t\t\t\t<\/div>\n\t\t\t\t<div class=\"elementor-element elementor-element-9c19518 elementor-widget-mobile__width-inherit elementor-widget elementor-widget-text-editor\" data-id=\"9c19518\" data-element_type=\"widget\" data-e-type=\"widget\" data-widget_type=\"text-editor.default\">\n\t\t\t\t<div class=\"elementor-widget-container\">\n\t\t\t\t\t\t\t\t\t<p><strong>Responsabilit\u00e0<\/strong><\/p><p>HURRAH si impegna a fornire informazioni il pi\u00f9 possibile accurate sul sito web hurrah-experience.com. Tuttavia, non potr\u00e0 essere ritenuta responsabile per eventuali omissioni, imprecisioni o mancanze di aggiornamento. Gli utenti del sito si impegnano ad accedervi utilizzando apparecchiature recenti, prive di virus e con un browser aggiornato.  <\/p><p><strong>Dati personali<\/strong><\/p><p>I dati personali raccolti su questo sito sono destinati esclusivamente all&#8217;uso interno. In nessun caso saranno trasferiti o venduti a terzi. In conformit\u00e0 al Regolamento generale sulla protezione dei dati (GDPR), hai il diritto di accedere, rettificare, opporti, limitare e cancellare i tuoi dati. Per qualsiasi richiesta, ti preghiamo di contattarci al seguente indirizzo: <strong>[contact@hurrah-experience.com]<\/strong>   <\/p><p><strong>Biscotti<\/strong><\/p><p>Il sito web hurrah-experience.com pu\u00f2 utilizzare i cookie per misurare l&#8217;audience o per migliorare l&#8217;esperienza dell&#8217;utente. Gli utenti possono configurare il proprio browser in modo da rifiutare i cookie. <\/p><p><strong>Legge applicabile e giurisdizione<\/strong><\/p><p>Il presente avviso legale \u00e8 disciplinato dalla legge francese. In caso di controversia, saranno competenti i tribunali francesi. <\/p>\t\t\t\t\t\t\t\t<\/div>\n\t\t\t\t<\/div>\n\t\t\t\t\t<\/div>\n\t\t\t\t<\/div>\n\t\t\t\t<div class=\"elementor-element elementor-element-2083332 elementor-widget elementor-widget-spacer\" data-id=\"2083332\" data-element_type=\"widget\" data-e-type=\"widget\" data-widget_type=\"spacer.default\">\n\t\t\t\t<div class=\"elementor-widget-container\">\n\t\t\t\t\t\t\t<div class=\"elementor-spacer\">\n\t\t\t<div class=\"elementor-spacer-inner\"><\/div>\n\t\t<\/div>\n\t\t\t\t\t\t<\/div>\n\t\t\t\t<\/div>\n\t\t\t\t<\/div>\n\t\t\t\t<\/div>\n\t\t","protected":false},"excerpt":{"rendered":"<p>Informazioni legali In conformit\u00e0 con le disposizioni degli articoli 6-III e 19 della Legge n. 2004-575 del 21 giugno 2004 per la Fiducia nell&#8217;Economia Digitale, nota come L.C.E.N, gli utenti e i visitatori del sito web sono informati della presente legge. utenti e visitatori del sito web https:\/\/hurrah-experience.com sono informati del presente avviso legale. avviso [&hellip;]<\/p>\n","protected":false},"author":1,"featured_media":0,"parent":0,"menu_order":0,"comment_status":"closed","ping_status":"closed","template":"","meta":{"footnotes":""},"class_list":["post-3345","page","type-page","status-publish","hentry"],"yoast_head":"<!-- This site is optimized with the Yoast SEO plugin v27.4 - https:\/\/yoast.com\/product\/yoast-seo-wordpress\/ -->\n<title>Informazioni legali - Hurrah<\/title>\n<meta name=\"robots\" content=\"index, follow, max-snippet:-1, max-image-preview:large, max-video-preview:-1\" \/>\n<link rel=\"canonical\" href=\"https:\/\/hurrah-experience.com\/it\/informazioni-legali\/\" \/>\n<meta property=\"og:locale\" content=\"it_IT\" \/>\n<meta property=\"og:type\" content=\"article\" \/>\n<meta property=\"og:title\" content=\"Informazioni legali - Hurrah\" \/>\n<meta property=\"og:description\" content=\"Informazioni legali In conformit\u00e0 con le disposizioni degli articoli 6-III e 19 della Legge n. 2004-575 del 21 giugno 2004 per la Fiducia nell&#8217;Economia Digitale, nota come L.C.E.N, gli utenti e i visitatori del sito web sono informati della presente legge. utenti e visitatori del sito web https:\/\/hurrah-experience.com sono informati del presente avviso legale. avviso [&hellip;]\" \/>\n<meta property=\"og:url\" content=\"https:\/\/hurrah-experience.com\/it\/informazioni-legali\/\" \/>\n<meta property=\"og:site_name\" content=\"Hurrah\" \/>\n<meta property=\"article:modified_time\" content=\"2025-05-14T09:36:20+00:00\" \/>\n<meta name=\"twitter:card\" content=\"summary_large_image\" \/>\n<meta name=\"twitter:label1\" content=\"Tempo di lettura stimato\" \/>\n\t<meta name=\"twitter:data1\" content=\"2 minuti\" \/>\n<script type=\"application\/ld+json\" class=\"yoast-schema-graph\">{\"@context\":\"https:\\\/\\\/schema.org\",\"@graph\":[{\"@type\":\"WebPage\",\"@id\":\"https:\\\/\\\/hurrah-experience.com\\\/it\\\/informazioni-legali\\\/\",\"url\":\"https:\\\/\\\/hurrah-experience.com\\\/it\\\/informazioni-legali\\\/\",\"name\":\"Informazioni legali - Hurrah\",\"isPartOf\":{\"@id\":\"https:\\\/\\\/hurrah-experience.com\\\/it\\\/#website\"},\"datePublished\":\"2025-04-30T07:31:05+00:00\",\"dateModified\":\"2025-05-14T09:36:20+00:00\",\"breadcrumb\":{\"@id\":\"https:\\\/\\\/hurrah-experience.com\\\/it\\\/informazioni-legali\\\/#breadcrumb\"},\"inLanguage\":\"it-IT\",\"potentialAction\":[{\"@type\":\"ReadAction\",\"target\":[\"https:\\\/\\\/hurrah-experience.com\\\/it\\\/informazioni-legali\\\/\"]}]},{\"@type\":\"BreadcrumbList\",\"@id\":\"https:\\\/\\\/hurrah-experience.com\\\/it\\\/informazioni-legali\\\/#breadcrumb\",\"itemListElement\":[{\"@type\":\"ListItem\",\"position\":1,\"name\":\"Accueil\",\"item\":\"https:\\\/\\\/hurrah-experience.com\\\/it\\\/casa\\\/\"},{\"@type\":\"ListItem\",\"position\":2,\"name\":\"Informazioni legali\"}]},{\"@type\":\"WebSite\",\"@id\":\"https:\\\/\\\/hurrah-experience.com\\\/it\\\/#website\",\"url\":\"https:\\\/\\\/hurrah-experience.com\\\/it\\\/\",\"name\":\"Hurrah-Experience\",\"description\":\"Structures gonflables et signal\u00e9tiques sportives\",\"publisher\":{\"@id\":\"https:\\\/\\\/hurrah-experience.com\\\/it\\\/#organization\"},\"potentialAction\":[{\"@type\":\"SearchAction\",\"target\":{\"@type\":\"EntryPoint\",\"urlTemplate\":\"https:\\\/\\\/hurrah-experience.com\\\/it\\\/?s={search_term_string}\"},\"query-input\":{\"@type\":\"PropertyValueSpecification\",\"valueRequired\":true,\"valueName\":\"search_term_string\"}}],\"inLanguage\":\"it-IT\"},{\"@type\":\"Organization\",\"@id\":\"https:\\\/\\\/hurrah-experience.com\\\/it\\\/#organization\",\"name\":\"Hurrah\",\"alternateName\":\"Hurrah\",\"url\":\"https:\\\/\\\/hurrah-experience.com\\\/it\\\/\",\"logo\":{\"@type\":\"ImageObject\",\"inLanguage\":\"it-IT\",\"@id\":\"https:\\\/\\\/hurrah-experience.com\\\/it\\\/#\\\/schema\\\/logo\\\/image\\\/\",\"url\":\"https:\\\/\\\/hurrah-experience.com\\\/wp-content\\\/uploads\\\/2025\\\/05\\\/oxford-orange.png\",\"contentUrl\":\"https:\\\/\\\/hurrah-experience.com\\\/wp-content\\\/uploads\\\/2025\\\/05\\\/oxford-orange.png\",\"width\":742,\"height\":613,\"caption\":\"Hurrah\"},\"image\":{\"@id\":\"https:\\\/\\\/hurrah-experience.com\\\/it\\\/#\\\/schema\\\/logo\\\/image\\\/\"},\"sameAs\":[\"https:\\\/\\\/www.linkedin.com\\\/company\\\/hurrah-experience\\\/\"]}]}<\/script>\n<!-- \/ Yoast SEO plugin. -->","yoast_head_json":{"title":"Informazioni legali - Hurrah","robots":{"index":"index","follow":"follow","max-snippet":"max-snippet:-1","max-image-preview":"max-image-preview:large","max-video-preview":"max-video-preview:-1"},"canonical":"https:\/\/hurrah-experience.com\/it\/informazioni-legali\/","og_locale":"it_IT","og_type":"article","og_title":"Informazioni legali - Hurrah","og_description":"Informazioni legali In conformit\u00e0 con le disposizioni degli articoli 6-III e 19 della Legge n. 2004-575 del 21 giugno 2004 per la Fiducia nell&#8217;Economia Digitale, nota come L.C.E.N, gli utenti e i visitatori del sito web sono informati della presente legge. utenti e visitatori del sito web https:\/\/hurrah-experience.com sono informati del presente avviso legale. avviso [&hellip;]","og_url":"https:\/\/hurrah-experience.com\/it\/informazioni-legali\/","og_site_name":"Hurrah","article_modified_time":"2025-05-14T09:36:20+00:00","twitter_card":"summary_large_image","twitter_misc":{"Tempo di lettura stimato":"2 minuti"},"schema":{"@context":"https:\/\/schema.org","@graph":[{"@type":"WebPage","@id":"https:\/\/hurrah-experience.com\/it\/informazioni-legali\/","url":"https:\/\/hurrah-experience.com\/it\/informazioni-legali\/","name":"Informazioni legali - Hurrah","isPartOf":{"@id":"https:\/\/hurrah-experience.com\/it\/#website"},"datePublished":"2025-04-30T07:31:05+00:00","dateModified":"2025-05-14T09:36:20+00:00","breadcrumb":{"@id":"https:\/\/hurrah-experience.com\/it\/informazioni-legali\/#breadcrumb"},"inLanguage":"it-IT","potentialAction":[{"@type":"ReadAction","target":["https:\/\/hurrah-experience.com\/it\/informazioni-legali\/"]}]},{"@type":"BreadcrumbList","@id":"https:\/\/hurrah-experience.com\/it\/informazioni-legali\/#breadcrumb","itemListElement":[{"@type":"ListItem","position":1,"name":"Accueil","item":"https:\/\/hurrah-experience.com\/it\/casa\/"},{"@type":"ListItem","position":2,"name":"Informazioni legali"}]},{"@type":"WebSite","@id":"https:\/\/hurrah-experience.com\/it\/#website","url":"https:\/\/hurrah-experience.com\/it\/","name":"Hurrah-Experience","description":"Structures gonflables et signal\u00e9tiques sportives","publisher":{"@id":"https:\/\/hurrah-experience.com\/it\/#organization"},"potentialAction":[{"@type":"SearchAction","target":{"@type":"EntryPoint","urlTemplate":"https:\/\/hurrah-experience.com\/it\/?s={search_term_string}"},"query-input":{"@type":"PropertyValueSpecification","valueRequired":true,"valueName":"search_term_string"}}],"inLanguage":"it-IT"},{"@type":"Organization","@id":"https:\/\/hurrah-experience.com\/it\/#organization","name":"Hurrah","alternateName":"Hurrah","url":"https:\/\/hurrah-experience.com\/it\/","logo":{"@type":"ImageObject","inLanguage":"it-IT","@id":"https:\/\/hurrah-experience.com\/it\/#\/schema\/logo\/image\/","url":"https:\/\/hurrah-experience.com\/wp-content\/uploads\/2025\/05\/oxford-orange.png","contentUrl":"https:\/\/hurrah-experience.com\/wp-content\/uploads\/2025\/05\/oxford-orange.png","width":742,"height":613,"caption":"Hurrah"},"image":{"@id":"https:\/\/hurrah-experience.com\/it\/#\/schema\/logo\/image\/"},"sameAs":["https:\/\/www.linkedin.com\/company\/hurrah-experience\/"]}]}},"rttpg_featured_image_url":null,"rttpg_author":{"display_name":"Quentin","author_link":"https:\/\/hurrah-experience.com\/it\/author\/onyygwwbzb\/"},"rttpg_comment":0,"rttpg_category":" <a href=\"https:\/\/hurrah-experience.com\/it\/?taxonomy=translation_priority&#038;term=opzionale\" rel=\"tag\">Opzionale<\/a>","rttpg_excerpt":"Informazioni legali In conformit\u00e0 con le disposizioni degli articoli 6-III e 19 della Legge n. 2004-575 del 21 giugno 2004 per la Fiducia nell&#8217;Economia Digitale, nota come L.C.E.N, gli utenti e i visitatori del sito web sono informati della presente legge. utenti e visitatori del sito web https:\/\/hurrah-experience.com sono informati del presente avviso legale. avviso&hellip;","_links":{"self":[{"href":"https:\/\/hurrah-experience.com\/it\/wp-json\/wp\/v2\/pages\/3345","targetHints":{"allow":["GET"]}}],"collection":[{"href":"https:\/\/hurrah-experience.com\/it\/wp-json\/wp\/v2\/pages"}],"about":[{"href":"https:\/\/hurrah-experience.com\/it\/wp-json\/wp\/v2\/types\/page"}],"author":[{"embeddable":true,"href":"https:\/\/hurrah-experience.com\/it\/wp-json\/wp\/v2\/users\/1"}],"replies":[{"embeddable":true,"href":"https:\/\/hurrah-experience.com\/it\/wp-json\/wp\/v2\/comments?post=3345"}],"version-history":[{"count":11,"href":"https:\/\/hurrah-experience.com\/it\/wp-json\/wp\/v2\/pages\/3345\/revisions"}],"predecessor-version":[{"id":6824,"href":"https:\/\/hurrah-experience.com\/it\/wp-json\/wp\/v2\/pages\/3345\/revisions\/6824"}],"wp:attachment":[{"href":"https:\/\/hurrah-experience.com\/it\/wp-json\/wp\/v2\/media?parent=3345"}],"curies":[{"name":"wp","href":"https:\/\/api.w.org\/{rel}","templated":true}]}}