{"id":4211,"date":"2025-04-30T14:49:47","date_gmt":"2025-04-30T12:49:47","guid":{"rendered":"https:\/\/hurrah-experience.com\/politica-de-privacidad\/"},"modified":"2025-05-14T11:38:04","modified_gmt":"2025-05-14T09:38:04","slug":"politica-de-privacidad","status":"publish","type":"page","link":"https:\/\/hurrah-experience.com\/es\/politica-de-privacidad\/","title":{"rendered":"Pol\u00edtica de privacidad"},"content":{"rendered":"\t\t<div data-elementor-type=\"wp-page\" data-elementor-id=\"4211\" class=\"elementor elementor-4211 elementor-4203\" data-elementor-post-type=\"page\">\n\t\t\t\t<div class=\"elementor-element elementor-element-8a2886b e-con-full e-flex e-con e-child\" data-id=\"8a2886b\" data-element_type=\"container\" data-e-type=\"container\">\n\t\t\t\t<div class=\"elementor-element elementor-element-e812982 elementor-widget elementor-widget-spacer\" data-id=\"e812982\" data-element_type=\"widget\" data-e-type=\"widget\" data-widget_type=\"spacer.default\">\n\t\t\t\t<div class=\"elementor-widget-container\">\n\t\t\t\t\t\t\t<div class=\"elementor-spacer\">\n\t\t\t<div class=\"elementor-spacer-inner\"><\/div>\n\t\t<\/div>\n\t\t\t\t\t\t<\/div>\n\t\t\t\t<\/div>\n\t\t\t\t<div class=\"elementor-element elementor-element-f0a673a elementor-widget elementor-widget-heading\" data-id=\"f0a673a\" data-element_type=\"widget\" data-e-type=\"widget\" data-widget_type=\"heading.default\">\n\t\t\t\t<div class=\"elementor-widget-container\">\n\t\t\t\t\t<h1 class=\"elementor-heading-title elementor-size-default\">Pol\u00edtica de privacidad<\/h1>\t\t\t\t<\/div>\n\t\t\t\t<\/div>\n\t\t\t\t<div class=\"elementor-element elementor-element-d958317 elementor-widget elementor-widget-spacer\" data-id=\"d958317\" data-element_type=\"widget\" data-e-type=\"widget\" data-widget_type=\"spacer.default\">\n\t\t\t\t<div class=\"elementor-widget-container\">\n\t\t\t\t\t\t\t<div class=\"elementor-spacer\">\n\t\t\t<div class=\"elementor-spacer-inner\"><\/div>\n\t\t<\/div>\n\t\t\t\t\t\t<\/div>\n\t\t\t\t<\/div>\n\t\t\t\t<div class=\"elementor-element elementor-element-b91b345 elementor-widget__width-initial elementor-widget elementor-widget-text-editor\" data-id=\"b91b345\" data-element_type=\"widget\" data-e-type=\"widget\" data-widget_type=\"text-editor.default\">\n\t\t\t\t<div class=\"elementor-widget-container\">\n\t\t\t\t\t\t\t\t\t<p>\u00daltima actualizaci\u00f3n : [01\/05\/2025]<br><strong>El sitio web hurrah-experience.com concede especial importancia a la protecci\u00f3n de tu privacidad.<\/strong> <strong>datos personales y tu privacidad El objetivo de esta pol\u00edtica es informarte de lo siguiente <\/strong> <strong>c\u00f3mo se recogen, utilizan y protegen tus datos.<\/strong><\/p>\t\t\t\t\t\t\t\t<\/div>\n\t\t\t\t<\/div>\n\t\t\t\t<div class=\"elementor-element elementor-element-9534c03 elementor-widget elementor-widget-spacer\" data-id=\"9534c03\" data-element_type=\"widget\" data-e-type=\"widget\" data-widget_type=\"spacer.default\">\n\t\t\t\t<div class=\"elementor-widget-container\">\n\t\t\t\t\t\t\t<div class=\"elementor-spacer\">\n\t\t\t<div class=\"elementor-spacer-inner\"><\/div>\n\t\t<\/div>\n\t\t\t\t\t\t<\/div>\n\t\t\t\t<\/div>\n\t\t<div class=\"elementor-element elementor-element-058f265 e-flex e-con-boxed e-con e-child\" data-id=\"058f265\" data-element_type=\"container\" data-e-type=\"container\">\n\t\t\t\t\t<div class=\"e-con-inner\">\n\t\t\t\t<div class=\"elementor-element elementor-element-aa29c64 elementor-widget__width-initial elementor-widget-mobile__width-inherit elementor-widget elementor-widget-text-editor\" data-id=\"aa29c64\" data-element_type=\"widget\" data-e-type=\"widget\" data-widget_type=\"text-editor.default\">\n\t\t\t\t<div class=\"elementor-widget-container\">\n\t\t\t\t\t\t\t\t\t<p><strong>1. Controlador de datos<\/strong><\/p><p>Persona responsable: Hurrah SAS<br>Direcci\u00f3n: 9 rue de l&#8217;Europe 56400 Plougoumelen<br>Correo electr\u00f3nico de contacto: contact@hurrah-experience.com<\/p><p><strong>2. Datos recogidos<\/strong><\/p><p>Los datos personales recogidos en el sitio web pueden incluir:<br>- Apellidos, nombre<br>- Direcci\u00f3n de correo electr\u00f3nico<br>- N\u00famero de tel\u00e9fono<br>- Datos de navegaci\u00f3n (cookies, direcci\u00f3n IP, tipo de navegador, etc.)<br>Estos datos se recogen:<br>- A trav\u00e9s de formularios de contacto<br>- Al registrarte en un bolet\u00edn<br>- Durante la navegaci\u00f3n (a trav\u00e9s de cookies, con tu consentimiento)<\/p><p><strong>3. Fines del tratamiento<\/strong><\/p><p>Los datos recogidos se utilizan para:<br>- Responder a tus solicitudes<br>- Gestionar el env\u00edo de correos electr\u00f3nicos o boletines informativos (con tu consentimiento)<br>- Mejorar la experiencia de usuario del sitio web<br>- Elaborar estad\u00edsticas an\u00f3nimas<\/p>\t\t\t\t\t\t\t\t<\/div>\n\t\t\t\t<\/div>\n\t\t\t\t<div class=\"elementor-element elementor-element-8e887d5 elementor-widget-mobile__width-inherit elementor-widget elementor-widget-text-editor\" data-id=\"8e887d5\" data-element_type=\"widget\" data-e-type=\"widget\" data-widget_type=\"text-editor.default\">\n\t\t\t\t<div class=\"elementor-widget-container\">\n\t\t\t\t\t\t\t\t\t<p> <strong>4. Vida \u00fatil<\/strong><\/p><p>Los datos se conservan:<br>- Hasta 3 a\u00f1os despu\u00e9s del \u00faltimo contacto activo para formularios<br>- Hasta 3 a\u00f1os despu\u00e9s del \u00faltimo clic para boletines<br>- 13 meses para cookies de medici\u00f3n de audiencia<\/p><p><strong>5. Tus derechos<\/strong><\/p><p>Tienes los siguientes derechos:<\/p><p>- Derecho de acceso a tus datos<br>- Derecho de rectificaci\u00f3n o supresi\u00f3n<br>- Derecho de oposici\u00f3n o limitaci\u00f3n del tratamiento<br>- Derecho a la portabilidad de los datos<br>- Derecho a presentar una reclamaci\u00f3n ante la CNIL<\/p><p><strong>Para ejercer tus derechos: [contact@hurrah-experience.com]<\/strong><\/p>\t\t\t\t\t\t\t\t<\/div>\n\t\t\t\t<\/div>\n\t\t\t\t\t<\/div>\n\t\t\t\t<\/div>\n\t\t\t\t<div class=\"elementor-element elementor-element-ccdadd7 elementor-widget elementor-widget-spacer\" data-id=\"ccdadd7\" data-element_type=\"widget\" data-e-type=\"widget\" data-widget_type=\"spacer.default\">\n\t\t\t\t<div class=\"elementor-widget-container\">\n\t\t\t\t\t\t\t<div class=\"elementor-spacer\">\n\t\t\t<div class=\"elementor-spacer-inner\"><\/div>\n\t\t<\/div>\n\t\t\t\t\t\t<\/div>\n\t\t\t\t<\/div>\n\t\t\t\t<\/div>\n\t\t\t\t<\/div>\n\t\t","protected":false},"excerpt":{"rendered":"<p>Pol\u00edtica de privacidad \u00daltima actualizaci\u00f3n : [01\/05\/2025]El sitio web hurrah-experience.com concede especial importancia a la protecci\u00f3n de tu privacidad. datos personales y tu privacidad El objetivo de esta pol\u00edtica es informarte de lo siguiente c\u00f3mo se recogen, utilizan y protegen tus datos. 1. Controlador de datos Persona responsable: Hurrah SASDirecci\u00f3n: 9 rue de l&#8217;Europe 56400 [&hellip;]<\/p>\n","protected":false},"author":1,"featured_media":0,"parent":0,"menu_order":0,"comment_status":"closed","ping_status":"closed","template":"","meta":{"footnotes":""},"class_list":["post-4211","page","type-page","status-publish","hentry"],"yoast_head":"<!-- This site is optimized with the Yoast SEO plugin v27.4 - https:\/\/yoast.com\/product\/yoast-seo-wordpress\/ -->\n<title>Pol\u00edtica de privacidad - Hurrah<\/title>\n<meta name=\"robots\" content=\"index, follow, max-snippet:-1, max-image-preview:large, max-video-preview:-1\" \/>\n<link rel=\"canonical\" href=\"https:\/\/hurrah-experience.com\/es\/politica-de-privacidad\/\" \/>\n<meta property=\"og:locale\" content=\"es_ES\" \/>\n<meta property=\"og:type\" content=\"article\" \/>\n<meta property=\"og:title\" content=\"Pol\u00edtica de privacidad - Hurrah\" \/>\n<meta property=\"og:description\" content=\"Pol\u00edtica de privacidad \u00daltima actualizaci\u00f3n : [01\/05\/2025]El sitio web hurrah-experience.com concede especial importancia a la protecci\u00f3n de tu privacidad. datos personales y tu privacidad El objetivo de esta pol\u00edtica es informarte de lo siguiente c\u00f3mo se recogen, utilizan y protegen tus datos. 1. Controlador de datos Persona responsable: Hurrah SASDirecci\u00f3n: 9 rue de l&#8217;Europe 56400 [&hellip;]\" \/>\n<meta property=\"og:url\" content=\"https:\/\/hurrah-experience.com\/es\/politica-de-privacidad\/\" \/>\n<meta property=\"og:site_name\" content=\"Hurrah\" \/>\n<meta property=\"article:modified_time\" content=\"2025-05-14T09:38:04+00:00\" \/>\n<meta name=\"twitter:card\" content=\"summary_large_image\" \/>\n<meta name=\"twitter:label1\" content=\"Tiempo de lectura\" \/>\n\t<meta name=\"twitter:data1\" content=\"1 minuto\" \/>\n<script type=\"application\/ld+json\" class=\"yoast-schema-graph\">{\"@context\":\"https:\\\/\\\/schema.org\",\"@graph\":[{\"@type\":\"WebPage\",\"@id\":\"https:\\\/\\\/hurrah-experience.com\\\/es\\\/politica-de-privacidad\\\/\",\"url\":\"https:\\\/\\\/hurrah-experience.com\\\/es\\\/politica-de-privacidad\\\/\",\"name\":\"Pol\u00edtica de privacidad - Hurrah\",\"isPartOf\":{\"@id\":\"https:\\\/\\\/hurrah-experience.com\\\/es\\\/#website\"},\"datePublished\":\"2025-04-30T12:49:47+00:00\",\"dateModified\":\"2025-05-14T09:38:04+00:00\",\"breadcrumb\":{\"@id\":\"https:\\\/\\\/hurrah-experience.com\\\/es\\\/politica-de-privacidad\\\/#breadcrumb\"},\"inLanguage\":\"es\",\"potentialAction\":[{\"@type\":\"ReadAction\",\"target\":[\"https:\\\/\\\/hurrah-experience.com\\\/es\\\/politica-de-privacidad\\\/\"]}]},{\"@type\":\"BreadcrumbList\",\"@id\":\"https:\\\/\\\/hurrah-experience.com\\\/es\\\/politica-de-privacidad\\\/#breadcrumb\",\"itemListElement\":[{\"@type\":\"ListItem\",\"position\":1,\"name\":\"Accueil\",\"item\":\"https:\\\/\\\/hurrah-experience.com\\\/es\\\/inicio\\\/\"},{\"@type\":\"ListItem\",\"position\":2,\"name\":\"Pol\u00edtica de privacidad\"}]},{\"@type\":\"WebSite\",\"@id\":\"https:\\\/\\\/hurrah-experience.com\\\/es\\\/#website\",\"url\":\"https:\\\/\\\/hurrah-experience.com\\\/es\\\/\",\"name\":\"Hurrah-Experience\",\"description\":\"Structures gonflables et signal\u00e9tiques sportives\",\"publisher\":{\"@id\":\"https:\\\/\\\/hurrah-experience.com\\\/es\\\/#organization\"},\"potentialAction\":[{\"@type\":\"SearchAction\",\"target\":{\"@type\":\"EntryPoint\",\"urlTemplate\":\"https:\\\/\\\/hurrah-experience.com\\\/es\\\/?s={search_term_string}\"},\"query-input\":{\"@type\":\"PropertyValueSpecification\",\"valueRequired\":true,\"valueName\":\"search_term_string\"}}],\"inLanguage\":\"es\"},{\"@type\":\"Organization\",\"@id\":\"https:\\\/\\\/hurrah-experience.com\\\/es\\\/#organization\",\"name\":\"Hurrah\",\"alternateName\":\"Hurrah\",\"url\":\"https:\\\/\\\/hurrah-experience.com\\\/es\\\/\",\"logo\":{\"@type\":\"ImageObject\",\"inLanguage\":\"es\",\"@id\":\"https:\\\/\\\/hurrah-experience.com\\\/es\\\/#\\\/schema\\\/logo\\\/image\\\/\",\"url\":\"https:\\\/\\\/hurrah-experience.com\\\/wp-content\\\/uploads\\\/2025\\\/05\\\/oxford-orange.png\",\"contentUrl\":\"https:\\\/\\\/hurrah-experience.com\\\/wp-content\\\/uploads\\\/2025\\\/05\\\/oxford-orange.png\",\"width\":742,\"height\":613,\"caption\":\"Hurrah\"},\"image\":{\"@id\":\"https:\\\/\\\/hurrah-experience.com\\\/es\\\/#\\\/schema\\\/logo\\\/image\\\/\"},\"sameAs\":[\"https:\\\/\\\/www.linkedin.com\\\/company\\\/hurrah-experience\\\/\"]}]}<\/script>\n<!-- \/ Yoast SEO plugin. -->","yoast_head_json":{"title":"Pol\u00edtica de privacidad - Hurrah","robots":{"index":"index","follow":"follow","max-snippet":"max-snippet:-1","max-image-preview":"max-image-preview:large","max-video-preview":"max-video-preview:-1"},"canonical":"https:\/\/hurrah-experience.com\/es\/politica-de-privacidad\/","og_locale":"es_ES","og_type":"article","og_title":"Pol\u00edtica de privacidad - Hurrah","og_description":"Pol\u00edtica de privacidad \u00daltima actualizaci\u00f3n : [01\/05\/2025]El sitio web hurrah-experience.com concede especial importancia a la protecci\u00f3n de tu privacidad. datos personales y tu privacidad El objetivo de esta pol\u00edtica es informarte de lo siguiente c\u00f3mo se recogen, utilizan y protegen tus datos. 1. Controlador de datos Persona responsable: Hurrah SASDirecci\u00f3n: 9 rue de l&#8217;Europe 56400 [&hellip;]","og_url":"https:\/\/hurrah-experience.com\/es\/politica-de-privacidad\/","og_site_name":"Hurrah","article_modified_time":"2025-05-14T09:38:04+00:00","twitter_card":"summary_large_image","twitter_misc":{"Tiempo de lectura":"1 minuto"},"schema":{"@context":"https:\/\/schema.org","@graph":[{"@type":"WebPage","@id":"https:\/\/hurrah-experience.com\/es\/politica-de-privacidad\/","url":"https:\/\/hurrah-experience.com\/es\/politica-de-privacidad\/","name":"Pol\u00edtica de privacidad - Hurrah","isPartOf":{"@id":"https:\/\/hurrah-experience.com\/es\/#website"},"datePublished":"2025-04-30T12:49:47+00:00","dateModified":"2025-05-14T09:38:04+00:00","breadcrumb":{"@id":"https:\/\/hurrah-experience.com\/es\/politica-de-privacidad\/#breadcrumb"},"inLanguage":"es","potentialAction":[{"@type":"ReadAction","target":["https:\/\/hurrah-experience.com\/es\/politica-de-privacidad\/"]}]},{"@type":"BreadcrumbList","@id":"https:\/\/hurrah-experience.com\/es\/politica-de-privacidad\/#breadcrumb","itemListElement":[{"@type":"ListItem","position":1,"name":"Accueil","item":"https:\/\/hurrah-experience.com\/es\/inicio\/"},{"@type":"ListItem","position":2,"name":"Pol\u00edtica de privacidad"}]},{"@type":"WebSite","@id":"https:\/\/hurrah-experience.com\/es\/#website","url":"https:\/\/hurrah-experience.com\/es\/","name":"Hurrah-Experience","description":"Structures gonflables et signal\u00e9tiques sportives","publisher":{"@id":"https:\/\/hurrah-experience.com\/es\/#organization"},"potentialAction":[{"@type":"SearchAction","target":{"@type":"EntryPoint","urlTemplate":"https:\/\/hurrah-experience.com\/es\/?s={search_term_string}"},"query-input":{"@type":"PropertyValueSpecification","valueRequired":true,"valueName":"search_term_string"}}],"inLanguage":"es"},{"@type":"Organization","@id":"https:\/\/hurrah-experience.com\/es\/#organization","name":"Hurrah","alternateName":"Hurrah","url":"https:\/\/hurrah-experience.com\/es\/","logo":{"@type":"ImageObject","inLanguage":"es","@id":"https:\/\/hurrah-experience.com\/es\/#\/schema\/logo\/image\/","url":"https:\/\/hurrah-experience.com\/wp-content\/uploads\/2025\/05\/oxford-orange.png","contentUrl":"https:\/\/hurrah-experience.com\/wp-content\/uploads\/2025\/05\/oxford-orange.png","width":742,"height":613,"caption":"Hurrah"},"image":{"@id":"https:\/\/hurrah-experience.com\/es\/#\/schema\/logo\/image\/"},"sameAs":["https:\/\/www.linkedin.com\/company\/hurrah-experience\/"]}]}},"rttpg_featured_image_url":null,"rttpg_author":{"display_name":"Quentin","author_link":"https:\/\/hurrah-experience.com\/es\/author\/onyygwwbzb\/"},"rttpg_comment":0,"rttpg_category":" <a href=\"https:\/\/hurrah-experience.com\/es\/?taxonomy=translation_priority&#038;term=opcional\" rel=\"tag\">Opcional<\/a>","rttpg_excerpt":"Pol\u00edtica de privacidad \u00daltima actualizaci\u00f3n : [01\/05\/2025]El sitio web hurrah-experience.com concede especial importancia a la protecci\u00f3n de tu privacidad. datos personales y tu privacidad El objetivo de esta pol\u00edtica es informarte de lo siguiente c\u00f3mo se recogen, utilizan y protegen tus datos. 1. Controlador de datos Persona responsable: Hurrah SASDirecci\u00f3n: 9 rue de l&#8217;Europe 56400&hellip;","_links":{"self":[{"href":"https:\/\/hurrah-experience.com\/es\/wp-json\/wp\/v2\/pages\/4211","targetHints":{"allow":["GET"]}}],"collection":[{"href":"https:\/\/hurrah-experience.com\/es\/wp-json\/wp\/v2\/pages"}],"about":[{"href":"https:\/\/hurrah-experience.com\/es\/wp-json\/wp\/v2\/types\/page"}],"author":[{"embeddable":true,"href":"https:\/\/hurrah-experience.com\/es\/wp-json\/wp\/v2\/users\/1"}],"replies":[{"embeddable":true,"href":"https:\/\/hurrah-experience.com\/es\/wp-json\/wp\/v2\/comments?post=4211"}],"version-history":[{"count":7,"href":"https:\/\/hurrah-experience.com\/es\/wp-json\/wp\/v2\/pages\/4211\/revisions"}],"predecessor-version":[{"id":6840,"href":"https:\/\/hurrah-experience.com\/es\/wp-json\/wp\/v2\/pages\/4211\/revisions\/6840"}],"wp:attachment":[{"href":"https:\/\/hurrah-experience.com\/es\/wp-json\/wp\/v2\/media?parent=4211"}],"curies":[{"name":"wp","href":"https:\/\/api.w.org\/{rel}","templated":true}]}}