{"id":4175,"date":"2025-04-30T14:32:53","date_gmt":"2025-04-30T12:32:53","guid":{"rendered":"https:\/\/hurrah-experience.com\/cgu\/"},"modified":"2025-05-14T11:37:16","modified_gmt":"2025-05-14T09:37:16","slug":"cgu","status":"publish","type":"page","link":"https:\/\/hurrah-experience.com\/es\/cgu\/","title":{"rendered":"CGU"},"content":{"rendered":"\t\t<div data-elementor-type=\"wp-page\" data-elementor-id=\"4175\" class=\"elementor elementor-4175 elementor-4169\" data-elementor-post-type=\"page\">\n\t\t\t\t<div class=\"elementor-element elementor-element-1a86256 e-con-full e-flex e-con e-child\" data-id=\"1a86256\" data-element_type=\"container\" data-e-type=\"container\">\n\t\t\t\t<div class=\"elementor-element elementor-element-afb40f3 elementor-widget elementor-widget-spacer\" data-id=\"afb40f3\" data-element_type=\"widget\" data-e-type=\"widget\" data-widget_type=\"spacer.default\">\n\t\t\t\t<div class=\"elementor-widget-container\">\n\t\t\t\t\t\t\t<div class=\"elementor-spacer\">\n\t\t\t<div class=\"elementor-spacer-inner\"><\/div>\n\t\t<\/div>\n\t\t\t\t\t\t<\/div>\n\t\t\t\t<\/div>\n\t\t\t\t<div class=\"elementor-element elementor-element-f4ebb38 elementor-widget elementor-widget-heading\" data-id=\"f4ebb38\" data-element_type=\"widget\" data-e-type=\"widget\" data-widget_type=\"heading.default\">\n\t\t\t\t<div class=\"elementor-widget-container\">\n\t\t\t\t\t<h1 class=\"elementor-heading-title elementor-size-default\">Condiciones Generales de Uso (CGU)<\/h1>\t\t\t\t<\/div>\n\t\t\t\t<\/div>\n\t\t\t\t<div class=\"elementor-element elementor-element-0f44224 elementor-widget elementor-widget-spacer\" data-id=\"0f44224\" data-element_type=\"widget\" data-e-type=\"widget\" data-widget_type=\"spacer.default\">\n\t\t\t\t<div class=\"elementor-widget-container\">\n\t\t\t\t\t\t\t<div class=\"elementor-spacer\">\n\t\t\t<div class=\"elementor-spacer-inner\"><\/div>\n\t\t<\/div>\n\t\t\t\t\t\t<\/div>\n\t\t\t\t<\/div>\n\t\t<div class=\"elementor-element elementor-element-8efa089 e-flex e-con-boxed e-con e-child\" data-id=\"8efa089\" data-element_type=\"container\" data-e-type=\"container\">\n\t\t\t\t\t<div class=\"e-con-inner\">\n\t\t\t\t<div class=\"elementor-element elementor-element-f62afe6 elementor-widget__width-initial elementor-widget elementor-widget-text-editor\" data-id=\"f62afe6\" data-element_type=\"widget\" data-e-type=\"widget\" data-widget_type=\"text-editor.default\">\n\t\t\t\t<div class=\"elementor-widget-container\">\n\t\t\t\t\t\t\t\t\t<p><strong>1. Asunto<\/strong><\/p><p>Estos t\u00e9rminos y condiciones rigen el uso del sitio web hurrah-experience.com. Al acceder al sitio, el usuario acepta sin reservas estas CGU. <\/p><p><br><strong>2. Servicios ofrecidos<\/strong><\/p><p>El sitio hurrah-experience.com ofrece:<br>- Consulta y pedido de art\u00edculos, estructuras y objetos de se\u00f1alizaci\u00f3n y decoraci\u00f3n hinchable para acontecimientos deportivos o cualquier otro tipo de evento.<br>- Prestaci\u00f3n de servicios, como el dise\u00f1o, la fabricaci\u00f3n y la producci\u00f3n de eventos de entretenimiento asociados a acontecimientos deportivos, como torneos, partidos, campeonatos, copas o cualquier otro tipo de competici\u00f3n o acontecimiento deportivo de cualquier tipo.<\/p><p><br><strong>3. Acceso al emplazamiento<\/strong><\/p><p>El sitio es accesible 24 horas al d\u00eda, 7 d\u00edas a la semana, salvo interrupci\u00f3n por mantenimiento o en casos de fuerza mayor. HURRAH no se hace responsable de ninguna interrupci\u00f3n. <\/p>\t\t\t\t\t\t\t\t<\/div>\n\t\t\t\t<\/div>\n\t\t\t\t<div class=\"elementor-element elementor-element-f355306 elementor-widget-mobile__width-inherit elementor-widget elementor-widget-text-editor\" data-id=\"f355306\" data-element_type=\"widget\" data-e-type=\"widget\" data-widget_type=\"text-editor.default\">\n\t\t\t\t<div class=\"elementor-widget-container\">\n\t\t\t\t\t\t\t\t\t<p><strong>4. Derechos de propiedad intelectual<\/strong><\/p><p>Todo el contenido (texto, im\u00e1genes, v\u00eddeos, gr\u00e1ficos, logotipos, etc.) es propiedad exclusiva de<br>HURRAH, a menos que se indique lo contrario. Queda prohibida toda reproducci\u00f3n no autorizada. <\/p><p><br><strong>5. Obligaciones del usuario<\/strong><\/p><p>El usuario se compromete a :<br> - No perturbar el buen funcionamiento del sitio web<br> - No suplantar la identidad de terceros<\/p><p><br><strong>6. Derecho aplicable<\/strong><\/p><p>Estas CGU se rigen por la legislaci\u00f3n francesa. En caso de litigio, ser\u00e1n competentes los tribunales de [Lorient]. <\/p>\t\t\t\t\t\t\t\t<\/div>\n\t\t\t\t<\/div>\n\t\t\t\t\t<\/div>\n\t\t\t\t<\/div>\n\t\t\t\t<div class=\"elementor-element elementor-element-153a2c3 elementor-widget elementor-widget-spacer\" data-id=\"153a2c3\" data-element_type=\"widget\" data-e-type=\"widget\" data-widget_type=\"spacer.default\">\n\t\t\t\t<div class=\"elementor-widget-container\">\n\t\t\t\t\t\t\t<div class=\"elementor-spacer\">\n\t\t\t<div class=\"elementor-spacer-inner\"><\/div>\n\t\t<\/div>\n\t\t\t\t\t\t<\/div>\n\t\t\t\t<\/div>\n\t\t\t\t<\/div>\n\t\t\t\t<\/div>\n\t\t","protected":false},"excerpt":{"rendered":"<p>Condiciones Generales de Uso (CGU) 1. Asunto Estos t\u00e9rminos y condiciones rigen el uso del sitio web hurrah-experience.com. Al acceder al sitio, el usuario acepta sin reservas estas CGU. 2. Servicios ofrecidos El sitio hurrah-experience.com ofrece:- Consulta y pedido de art\u00edculos, estructuras y objetos de se\u00f1alizaci\u00f3n y decoraci\u00f3n hinchable para acontecimientos deportivos o cualquier otro [&hellip;]<\/p>\n","protected":false},"author":1,"featured_media":0,"parent":0,"menu_order":0,"comment_status":"closed","ping_status":"closed","template":"","meta":{"footnotes":""},"class_list":["post-4175","page","type-page","status-publish","hentry"],"yoast_head":"<!-- This site is optimized with the Yoast SEO plugin v27.4 - https:\/\/yoast.com\/product\/yoast-seo-wordpress\/ -->\n<title>CGU - Hurrah<\/title>\n<meta name=\"robots\" content=\"index, follow, max-snippet:-1, max-image-preview:large, max-video-preview:-1\" \/>\n<link rel=\"canonical\" href=\"https:\/\/hurrah-experience.com\/es\/cgu\/\" \/>\n<meta property=\"og:locale\" content=\"es_ES\" \/>\n<meta property=\"og:type\" content=\"article\" \/>\n<meta property=\"og:title\" content=\"CGU - Hurrah\" \/>\n<meta property=\"og:description\" content=\"Condiciones Generales de Uso (CGU) 1. Asunto Estos t\u00e9rminos y condiciones rigen el uso del sitio web hurrah-experience.com. Al acceder al sitio, el usuario acepta sin reservas estas CGU. 2. Servicios ofrecidos El sitio hurrah-experience.com ofrece:- Consulta y pedido de art\u00edculos, estructuras y objetos de se\u00f1alizaci\u00f3n y decoraci\u00f3n hinchable para acontecimientos deportivos o cualquier otro [&hellip;]\" \/>\n<meta property=\"og:url\" content=\"https:\/\/hurrah-experience.com\/es\/cgu\/\" \/>\n<meta property=\"og:site_name\" content=\"Hurrah\" \/>\n<meta property=\"article:modified_time\" content=\"2025-05-14T09:37:16+00:00\" \/>\n<meta name=\"twitter:card\" content=\"summary_large_image\" \/>\n<meta name=\"twitter:label1\" content=\"Tiempo de lectura\" \/>\n\t<meta name=\"twitter:data1\" content=\"1 minuto\" \/>\n<script type=\"application\/ld+json\" class=\"yoast-schema-graph\">{\"@context\":\"https:\\\/\\\/schema.org\",\"@graph\":[{\"@type\":\"WebPage\",\"@id\":\"https:\\\/\\\/hurrah-experience.com\\\/es\\\/cgu\\\/\",\"url\":\"https:\\\/\\\/hurrah-experience.com\\\/es\\\/cgu\\\/\",\"name\":\"CGU - Hurrah\",\"isPartOf\":{\"@id\":\"https:\\\/\\\/hurrah-experience.com\\\/es\\\/#website\"},\"datePublished\":\"2025-04-30T12:32:53+00:00\",\"dateModified\":\"2025-05-14T09:37:16+00:00\",\"breadcrumb\":{\"@id\":\"https:\\\/\\\/hurrah-experience.com\\\/es\\\/cgu\\\/#breadcrumb\"},\"inLanguage\":\"es\",\"potentialAction\":[{\"@type\":\"ReadAction\",\"target\":[\"https:\\\/\\\/hurrah-experience.com\\\/es\\\/cgu\\\/\"]}]},{\"@type\":\"BreadcrumbList\",\"@id\":\"https:\\\/\\\/hurrah-experience.com\\\/es\\\/cgu\\\/#breadcrumb\",\"itemListElement\":[{\"@type\":\"ListItem\",\"position\":1,\"name\":\"Accueil\",\"item\":\"https:\\\/\\\/hurrah-experience.com\\\/es\\\/inicio\\\/\"},{\"@type\":\"ListItem\",\"position\":2,\"name\":\"CGU\"}]},{\"@type\":\"WebSite\",\"@id\":\"https:\\\/\\\/hurrah-experience.com\\\/es\\\/#website\",\"url\":\"https:\\\/\\\/hurrah-experience.com\\\/es\\\/\",\"name\":\"Hurrah-Experience\",\"description\":\"Structures gonflables et signal\u00e9tiques sportives\",\"publisher\":{\"@id\":\"https:\\\/\\\/hurrah-experience.com\\\/es\\\/#organization\"},\"potentialAction\":[{\"@type\":\"SearchAction\",\"target\":{\"@type\":\"EntryPoint\",\"urlTemplate\":\"https:\\\/\\\/hurrah-experience.com\\\/es\\\/?s={search_term_string}\"},\"query-input\":{\"@type\":\"PropertyValueSpecification\",\"valueRequired\":true,\"valueName\":\"search_term_string\"}}],\"inLanguage\":\"es\"},{\"@type\":\"Organization\",\"@id\":\"https:\\\/\\\/hurrah-experience.com\\\/es\\\/#organization\",\"name\":\"Hurrah\",\"alternateName\":\"Hurrah\",\"url\":\"https:\\\/\\\/hurrah-experience.com\\\/es\\\/\",\"logo\":{\"@type\":\"ImageObject\",\"inLanguage\":\"es\",\"@id\":\"https:\\\/\\\/hurrah-experience.com\\\/es\\\/#\\\/schema\\\/logo\\\/image\\\/\",\"url\":\"https:\\\/\\\/hurrah-experience.com\\\/wp-content\\\/uploads\\\/2025\\\/05\\\/oxford-orange.png\",\"contentUrl\":\"https:\\\/\\\/hurrah-experience.com\\\/wp-content\\\/uploads\\\/2025\\\/05\\\/oxford-orange.png\",\"width\":742,\"height\":613,\"caption\":\"Hurrah\"},\"image\":{\"@id\":\"https:\\\/\\\/hurrah-experience.com\\\/es\\\/#\\\/schema\\\/logo\\\/image\\\/\"},\"sameAs\":[\"https:\\\/\\\/www.linkedin.com\\\/company\\\/hurrah-experience\\\/\"]}]}<\/script>\n<!-- \/ Yoast SEO plugin. -->","yoast_head_json":{"title":"CGU - Hurrah","robots":{"index":"index","follow":"follow","max-snippet":"max-snippet:-1","max-image-preview":"max-image-preview:large","max-video-preview":"max-video-preview:-1"},"canonical":"https:\/\/hurrah-experience.com\/es\/cgu\/","og_locale":"es_ES","og_type":"article","og_title":"CGU - Hurrah","og_description":"Condiciones Generales de Uso (CGU) 1. Asunto Estos t\u00e9rminos y condiciones rigen el uso del sitio web hurrah-experience.com. Al acceder al sitio, el usuario acepta sin reservas estas CGU. 2. Servicios ofrecidos El sitio hurrah-experience.com ofrece:- Consulta y pedido de art\u00edculos, estructuras y objetos de se\u00f1alizaci\u00f3n y decoraci\u00f3n hinchable para acontecimientos deportivos o cualquier otro [&hellip;]","og_url":"https:\/\/hurrah-experience.com\/es\/cgu\/","og_site_name":"Hurrah","article_modified_time":"2025-05-14T09:37:16+00:00","twitter_card":"summary_large_image","twitter_misc":{"Tiempo de lectura":"1 minuto"},"schema":{"@context":"https:\/\/schema.org","@graph":[{"@type":"WebPage","@id":"https:\/\/hurrah-experience.com\/es\/cgu\/","url":"https:\/\/hurrah-experience.com\/es\/cgu\/","name":"CGU - Hurrah","isPartOf":{"@id":"https:\/\/hurrah-experience.com\/es\/#website"},"datePublished":"2025-04-30T12:32:53+00:00","dateModified":"2025-05-14T09:37:16+00:00","breadcrumb":{"@id":"https:\/\/hurrah-experience.com\/es\/cgu\/#breadcrumb"},"inLanguage":"es","potentialAction":[{"@type":"ReadAction","target":["https:\/\/hurrah-experience.com\/es\/cgu\/"]}]},{"@type":"BreadcrumbList","@id":"https:\/\/hurrah-experience.com\/es\/cgu\/#breadcrumb","itemListElement":[{"@type":"ListItem","position":1,"name":"Accueil","item":"https:\/\/hurrah-experience.com\/es\/inicio\/"},{"@type":"ListItem","position":2,"name":"CGU"}]},{"@type":"WebSite","@id":"https:\/\/hurrah-experience.com\/es\/#website","url":"https:\/\/hurrah-experience.com\/es\/","name":"Hurrah-Experience","description":"Structures gonflables et signal\u00e9tiques sportives","publisher":{"@id":"https:\/\/hurrah-experience.com\/es\/#organization"},"potentialAction":[{"@type":"SearchAction","target":{"@type":"EntryPoint","urlTemplate":"https:\/\/hurrah-experience.com\/es\/?s={search_term_string}"},"query-input":{"@type":"PropertyValueSpecification","valueRequired":true,"valueName":"search_term_string"}}],"inLanguage":"es"},{"@type":"Organization","@id":"https:\/\/hurrah-experience.com\/es\/#organization","name":"Hurrah","alternateName":"Hurrah","url":"https:\/\/hurrah-experience.com\/es\/","logo":{"@type":"ImageObject","inLanguage":"es","@id":"https:\/\/hurrah-experience.com\/es\/#\/schema\/logo\/image\/","url":"https:\/\/hurrah-experience.com\/wp-content\/uploads\/2025\/05\/oxford-orange.png","contentUrl":"https:\/\/hurrah-experience.com\/wp-content\/uploads\/2025\/05\/oxford-orange.png","width":742,"height":613,"caption":"Hurrah"},"image":{"@id":"https:\/\/hurrah-experience.com\/es\/#\/schema\/logo\/image\/"},"sameAs":["https:\/\/www.linkedin.com\/company\/hurrah-experience\/"]}]}},"rttpg_featured_image_url":null,"rttpg_author":{"display_name":"Quentin","author_link":"https:\/\/hurrah-experience.com\/es\/author\/onyygwwbzb\/"},"rttpg_comment":0,"rttpg_category":" <a href=\"https:\/\/hurrah-experience.com\/es\/?taxonomy=translation_priority&#038;term=opcional\" rel=\"tag\">Opcional<\/a>","rttpg_excerpt":"Condiciones Generales de Uso (CGU) 1. Asunto Estos t\u00e9rminos y condiciones rigen el uso del sitio web hurrah-experience.com. Al acceder al sitio, el usuario acepta sin reservas estas CGU. 2. Servicios ofrecidos El sitio hurrah-experience.com ofrece:- Consulta y pedido de art\u00edculos, estructuras y objetos de se\u00f1alizaci\u00f3n y decoraci\u00f3n hinchable para acontecimientos deportivos o cualquier otro&hellip;","_links":{"self":[{"href":"https:\/\/hurrah-experience.com\/es\/wp-json\/wp\/v2\/pages\/4175","targetHints":{"allow":["GET"]}}],"collection":[{"href":"https:\/\/hurrah-experience.com\/es\/wp-json\/wp\/v2\/pages"}],"about":[{"href":"https:\/\/hurrah-experience.com\/es\/wp-json\/wp\/v2\/types\/page"}],"author":[{"embeddable":true,"href":"https:\/\/hurrah-experience.com\/es\/wp-json\/wp\/v2\/users\/1"}],"replies":[{"embeddable":true,"href":"https:\/\/hurrah-experience.com\/es\/wp-json\/wp\/v2\/comments?post=4175"}],"version-history":[{"count":8,"href":"https:\/\/hurrah-experience.com\/es\/wp-json\/wp\/v2\/pages\/4175\/revisions"}],"predecessor-version":[{"id":6830,"href":"https:\/\/hurrah-experience.com\/es\/wp-json\/wp\/v2\/pages\/4175\/revisions\/6830"}],"wp:attachment":[{"href":"https:\/\/hurrah-experience.com\/es\/wp-json\/wp\/v2\/media?parent=4175"}],"curies":[{"name":"wp","href":"https:\/\/api.w.org\/{rel}","templated":true}]}}