{"id":3350,"date":"2025-04-30T09:31:05","date_gmt":"2025-04-30T07:31:05","guid":{"rendered":"https:\/\/hurrah-experience.com\/informacion-legal\/"},"modified":"2025-05-14T11:36:19","modified_gmt":"2025-05-14T09:36:19","slug":"informacion-legal","status":"publish","type":"page","link":"https:\/\/hurrah-experience.com\/es\/informacion-legal\/","title":{"rendered":"Informaci\u00f3n legal"},"content":{"rendered":"\t\t<div data-elementor-type=\"wp-page\" data-elementor-id=\"3350\" class=\"elementor elementor-3350 elementor-2768\" data-elementor-post-type=\"page\">\n\t\t\t\t<div class=\"elementor-element elementor-element-6b3c018 e-con-full e-flex e-con e-child\" data-id=\"6b3c018\" data-element_type=\"container\" data-e-type=\"container\">\n\t\t\t\t<div class=\"elementor-element elementor-element-fbafeb6 elementor-widget elementor-widget-spacer\" data-id=\"fbafeb6\" data-element_type=\"widget\" data-e-type=\"widget\" data-widget_type=\"spacer.default\">\n\t\t\t\t<div class=\"elementor-widget-container\">\n\t\t\t\t\t\t\t<div class=\"elementor-spacer\">\n\t\t\t<div class=\"elementor-spacer-inner\"><\/div>\n\t\t<\/div>\n\t\t\t\t\t\t<\/div>\n\t\t\t\t<\/div>\n\t\t\t\t<div class=\"elementor-element elementor-element-89dcbac elementor-widget elementor-widget-heading\" data-id=\"89dcbac\" data-element_type=\"widget\" data-e-type=\"widget\" data-widget_type=\"heading.default\">\n\t\t\t\t<div class=\"elementor-widget-container\">\n\t\t\t\t\t<h1 class=\"elementor-heading-title elementor-size-default\">Informaci\u00f3n legal<\/h1>\t\t\t\t<\/div>\n\t\t\t\t<\/div>\n\t\t\t\t<div class=\"elementor-element elementor-element-638e3c5 elementor-widget elementor-widget-spacer\" data-id=\"638e3c5\" data-element_type=\"widget\" data-e-type=\"widget\" data-widget_type=\"spacer.default\">\n\t\t\t\t<div class=\"elementor-widget-container\">\n\t\t\t\t\t\t\t<div class=\"elementor-spacer\">\n\t\t\t<div class=\"elementor-spacer-inner\"><\/div>\n\t\t<\/div>\n\t\t\t\t\t\t<\/div>\n\t\t\t\t<\/div>\n\t\t\t\t<div class=\"elementor-element elementor-element-5b2ef7a elementor-widget__width-initial elementor-widget elementor-widget-text-editor\" data-id=\"5b2ef7a\" data-element_type=\"widget\" data-e-type=\"widget\" data-widget_type=\"text-editor.default\">\n\t\t\t\t<div class=\"elementor-widget-container\">\n\t\t\t\t\t\t\t\t\t<p><strong>De conformidad con lo dispuesto en los art\u00edculos 6-III y 19 de la Ley n\u00ba 2004-575 de 21 de junio de 2004<\/strong> <strong>para la Confianza en la Econom\u00eda Digital, conocida como L.C.E.N, los usuarios y visitantes del<\/strong> <strong>usuarios y visitantes del sitio web https:\/\/hurrah-experience.com quedan informados del presente<\/strong> <strong>aviso legal.<\/strong><\/p>\t\t\t\t\t\t\t\t<\/div>\n\t\t\t\t<\/div>\n\t\t\t\t<div class=\"elementor-element elementor-element-8169029 elementor-widget elementor-widget-spacer\" data-id=\"8169029\" data-element_type=\"widget\" data-e-type=\"widget\" data-widget_type=\"spacer.default\">\n\t\t\t\t<div class=\"elementor-widget-container\">\n\t\t\t\t\t\t\t<div class=\"elementor-spacer\">\n\t\t\t<div class=\"elementor-spacer-inner\"><\/div>\n\t\t<\/div>\n\t\t\t\t\t\t<\/div>\n\t\t\t\t<\/div>\n\t\t<div class=\"elementor-element elementor-element-f12f8d1 e-flex e-con-boxed e-con e-child\" data-id=\"f12f8d1\" data-element_type=\"container\" data-e-type=\"container\">\n\t\t\t\t\t<div class=\"e-con-inner\">\n\t\t\t\t<div class=\"elementor-element elementor-element-b0e054f elementor-widget__width-initial elementor-widget-tablet__width-initial elementor-widget elementor-widget-text-editor\" data-id=\"b0e054f\" data-element_type=\"widget\" data-e-type=\"widget\" data-widget_type=\"text-editor.default\">\n\t\t\t\t<div class=\"elementor-widget-container\">\n\t\t\t\t\t\t\t\t\t<p><strong>Editor del sitio<\/strong><\/p>\n<p>Raz\u00f3n social: HURRAH<br>Forma jur\u00eddica: SAS<br>Director de publicaci\u00f3n: Quentin Charnol\u00e9<br>Domicilio social: 9 rue de l&#8217;Europe - 56400 Plougoumelen<br>Correo electr\u00f3nico: [contact@hurrah-experience.com]<br>N\u00famero SIRET: [a rellenar]<br>N\u00famero de IVA intracomunitario: [si procede].<\/p><p><br><\/p>\n<p><strong>Alojamiento<\/strong><\/p>\n<p>Nombre del anfitri\u00f3n: Hover<br>Direcci\u00f3n del anfitri\u00f3n 96 Mowat Avenue<br>Toronto, Ontario<br>M6K 3M1<br>CANADA<br>Sitio web del anfitri\u00f3n :  [https:\/\/www .hover.com \/]<\/p><p><br><\/p>\n<p><strong>Propiedad intelectual<\/strong><\/p>\n<p>Todo el contenido del sitio web hurrah-experience.com (textos, im\u00e1genes, gr\u00e1ficos, logotipos, v\u00eddeos, iconos, sonidos, software, etc.) est\u00e1 protegido por la legislaci\u00f3n vigente en materia de propiedad intelectual y es propiedad exclusiva de HURRAH, salvo que se indique lo contrario. Queda prohibida cualquier reproducci\u00f3n, representaci\u00f3n, modificaci\u00f3n, publicaci\u00f3n o adaptaci\u00f3n de la totalidad o parte de los elementos del sitio, por cualquier medio o procedimiento, sin autorizaci\u00f3n previa por escrito. <\/p>\t\t\t\t\t\t\t\t<\/div>\n\t\t\t\t<\/div>\n\t\t\t\t<div class=\"elementor-element elementor-element-9c19518 elementor-widget-mobile__width-inherit elementor-widget elementor-widget-text-editor\" data-id=\"9c19518\" data-element_type=\"widget\" data-e-type=\"widget\" data-widget_type=\"text-editor.default\">\n\t\t\t\t<div class=\"elementor-widget-container\">\n\t\t\t\t\t\t\t\t\t<p><strong>Responsabilidad<\/strong><\/p><p>HURRAH se esfuerza por ofrecer en el sitio web hurrah-experience.com informaci\u00f3n lo m\u00e1s exacta posible. Sin embargo, no se hace responsable de las omisiones, inexactitudes o deficiencias en la actualizaci\u00f3n. Los usuarios del sitio se comprometen a acceder a \u00e9l utilizando equipos recientes, libres de virus y con un navegador actualizado.  <\/p><p><strong>Datos personales<\/strong><\/p><p>Los datos personales recogidos en este sitio son s\u00f3lo para uso interno. En ning\u00fan caso ser\u00e1n transferidos o vendidos a terceros. De acuerdo con el Reglamento General de Protecci\u00f3n de Datos (RGPD), tienes derecho a acceder, rectificar, oponerte, limitar y suprimir tus datos. Para cualquier solicitud, ponte en contacto con nosotros en la siguiente direcci\u00f3n: <strong>[contact@hurrah-experience.com]<\/strong>   <\/p><p><strong>Cookies<\/strong><\/p><p>El sitio web hurrah-experience.com puede utilizar cookies con fines de medici\u00f3n de audiencia o para mejorar la experiencia del usuario. Los usuarios pueden configurar su navegador para rechazar las cookies. <\/p><p><strong>Legislaci\u00f3n y jurisdicci\u00f3n aplicables<\/strong><\/p><p>Este aviso legal se rige por la legislaci\u00f3n francesa. En caso de litigio, ser\u00e1n competentes los tribunales franceses. <\/p>\t\t\t\t\t\t\t\t<\/div>\n\t\t\t\t<\/div>\n\t\t\t\t\t<\/div>\n\t\t\t\t<\/div>\n\t\t\t\t<div class=\"elementor-element elementor-element-2083332 elementor-widget elementor-widget-spacer\" data-id=\"2083332\" data-element_type=\"widget\" data-e-type=\"widget\" data-widget_type=\"spacer.default\">\n\t\t\t\t<div class=\"elementor-widget-container\">\n\t\t\t\t\t\t\t<div class=\"elementor-spacer\">\n\t\t\t<div class=\"elementor-spacer-inner\"><\/div>\n\t\t<\/div>\n\t\t\t\t\t\t<\/div>\n\t\t\t\t<\/div>\n\t\t\t\t<\/div>\n\t\t\t\t<\/div>\n\t\t","protected":false},"excerpt":{"rendered":"<p>Informaci\u00f3n legal De conformidad con lo dispuesto en los art\u00edculos 6-III y 19 de la Ley n\u00ba 2004-575 de 21 de junio de 2004 para la Confianza en la Econom\u00eda Digital, conocida como L.C.E.N, los usuarios y visitantes del usuarios y visitantes del sitio web https:\/\/hurrah-experience.com quedan informados del presente aviso legal. Editor del sitio [&hellip;]<\/p>\n","protected":false},"author":1,"featured_media":0,"parent":0,"menu_order":0,"comment_status":"closed","ping_status":"closed","template":"","meta":{"footnotes":""},"class_list":["post-3350","page","type-page","status-publish","hentry"],"yoast_head":"<!-- This site is optimized with the Yoast SEO plugin v27.4 - https:\/\/yoast.com\/product\/yoast-seo-wordpress\/ -->\n<title>Informaci\u00f3n legal - Hurrah<\/title>\n<meta name=\"robots\" content=\"index, follow, max-snippet:-1, max-image-preview:large, max-video-preview:-1\" \/>\n<link rel=\"canonical\" href=\"https:\/\/hurrah-experience.com\/es\/informacion-legal\/\" \/>\n<meta property=\"og:locale\" content=\"es_ES\" \/>\n<meta property=\"og:type\" content=\"article\" \/>\n<meta property=\"og:title\" content=\"Informaci\u00f3n legal - Hurrah\" \/>\n<meta property=\"og:description\" content=\"Informaci\u00f3n legal De conformidad con lo dispuesto en los art\u00edculos 6-III y 19 de la Ley n\u00ba 2004-575 de 21 de junio de 2004 para la Confianza en la Econom\u00eda Digital, conocida como L.C.E.N, los usuarios y visitantes del usuarios y visitantes del sitio web https:\/\/hurrah-experience.com quedan informados del presente aviso legal. Editor del sitio [&hellip;]\" \/>\n<meta property=\"og:url\" content=\"https:\/\/hurrah-experience.com\/es\/informacion-legal\/\" \/>\n<meta property=\"og:site_name\" content=\"Hurrah\" \/>\n<meta property=\"article:modified_time\" content=\"2025-05-14T09:36:19+00:00\" \/>\n<meta name=\"twitter:card\" content=\"summary_large_image\" \/>\n<meta name=\"twitter:label1\" content=\"Tiempo de lectura\" \/>\n\t<meta name=\"twitter:data1\" content=\"2 minutos\" \/>\n<script type=\"application\/ld+json\" class=\"yoast-schema-graph\">{\"@context\":\"https:\\\/\\\/schema.org\",\"@graph\":[{\"@type\":\"WebPage\",\"@id\":\"https:\\\/\\\/hurrah-experience.com\\\/es\\\/informacion-legal\\\/\",\"url\":\"https:\\\/\\\/hurrah-experience.com\\\/es\\\/informacion-legal\\\/\",\"name\":\"Informaci\u00f3n legal - Hurrah\",\"isPartOf\":{\"@id\":\"https:\\\/\\\/hurrah-experience.com\\\/es\\\/#website\"},\"datePublished\":\"2025-04-30T07:31:05+00:00\",\"dateModified\":\"2025-05-14T09:36:19+00:00\",\"breadcrumb\":{\"@id\":\"https:\\\/\\\/hurrah-experience.com\\\/es\\\/informacion-legal\\\/#breadcrumb\"},\"inLanguage\":\"es\",\"potentialAction\":[{\"@type\":\"ReadAction\",\"target\":[\"https:\\\/\\\/hurrah-experience.com\\\/es\\\/informacion-legal\\\/\"]}]},{\"@type\":\"BreadcrumbList\",\"@id\":\"https:\\\/\\\/hurrah-experience.com\\\/es\\\/informacion-legal\\\/#breadcrumb\",\"itemListElement\":[{\"@type\":\"ListItem\",\"position\":1,\"name\":\"Accueil\",\"item\":\"https:\\\/\\\/hurrah-experience.com\\\/es\\\/inicio\\\/\"},{\"@type\":\"ListItem\",\"position\":2,\"name\":\"Informaci\u00f3n legal\"}]},{\"@type\":\"WebSite\",\"@id\":\"https:\\\/\\\/hurrah-experience.com\\\/es\\\/#website\",\"url\":\"https:\\\/\\\/hurrah-experience.com\\\/es\\\/\",\"name\":\"Hurrah-Experience\",\"description\":\"Structures gonflables et signal\u00e9tiques sportives\",\"publisher\":{\"@id\":\"https:\\\/\\\/hurrah-experience.com\\\/es\\\/#organization\"},\"potentialAction\":[{\"@type\":\"SearchAction\",\"target\":{\"@type\":\"EntryPoint\",\"urlTemplate\":\"https:\\\/\\\/hurrah-experience.com\\\/es\\\/?s={search_term_string}\"},\"query-input\":{\"@type\":\"PropertyValueSpecification\",\"valueRequired\":true,\"valueName\":\"search_term_string\"}}],\"inLanguage\":\"es\"},{\"@type\":\"Organization\",\"@id\":\"https:\\\/\\\/hurrah-experience.com\\\/es\\\/#organization\",\"name\":\"Hurrah\",\"alternateName\":\"Hurrah\",\"url\":\"https:\\\/\\\/hurrah-experience.com\\\/es\\\/\",\"logo\":{\"@type\":\"ImageObject\",\"inLanguage\":\"es\",\"@id\":\"https:\\\/\\\/hurrah-experience.com\\\/es\\\/#\\\/schema\\\/logo\\\/image\\\/\",\"url\":\"https:\\\/\\\/hurrah-experience.com\\\/wp-content\\\/uploads\\\/2025\\\/05\\\/oxford-orange.png\",\"contentUrl\":\"https:\\\/\\\/hurrah-experience.com\\\/wp-content\\\/uploads\\\/2025\\\/05\\\/oxford-orange.png\",\"width\":742,\"height\":613,\"caption\":\"Hurrah\"},\"image\":{\"@id\":\"https:\\\/\\\/hurrah-experience.com\\\/es\\\/#\\\/schema\\\/logo\\\/image\\\/\"},\"sameAs\":[\"https:\\\/\\\/www.linkedin.com\\\/company\\\/hurrah-experience\\\/\"]}]}<\/script>\n<!-- \/ Yoast SEO plugin. -->","yoast_head_json":{"title":"Informaci\u00f3n legal - Hurrah","robots":{"index":"index","follow":"follow","max-snippet":"max-snippet:-1","max-image-preview":"max-image-preview:large","max-video-preview":"max-video-preview:-1"},"canonical":"https:\/\/hurrah-experience.com\/es\/informacion-legal\/","og_locale":"es_ES","og_type":"article","og_title":"Informaci\u00f3n legal - Hurrah","og_description":"Informaci\u00f3n legal De conformidad con lo dispuesto en los art\u00edculos 6-III y 19 de la Ley n\u00ba 2004-575 de 21 de junio de 2004 para la Confianza en la Econom\u00eda Digital, conocida como L.C.E.N, los usuarios y visitantes del usuarios y visitantes del sitio web https:\/\/hurrah-experience.com quedan informados del presente aviso legal. Editor del sitio [&hellip;]","og_url":"https:\/\/hurrah-experience.com\/es\/informacion-legal\/","og_site_name":"Hurrah","article_modified_time":"2025-05-14T09:36:19+00:00","twitter_card":"summary_large_image","twitter_misc":{"Tiempo de lectura":"2 minutos"},"schema":{"@context":"https:\/\/schema.org","@graph":[{"@type":"WebPage","@id":"https:\/\/hurrah-experience.com\/es\/informacion-legal\/","url":"https:\/\/hurrah-experience.com\/es\/informacion-legal\/","name":"Informaci\u00f3n legal - Hurrah","isPartOf":{"@id":"https:\/\/hurrah-experience.com\/es\/#website"},"datePublished":"2025-04-30T07:31:05+00:00","dateModified":"2025-05-14T09:36:19+00:00","breadcrumb":{"@id":"https:\/\/hurrah-experience.com\/es\/informacion-legal\/#breadcrumb"},"inLanguage":"es","potentialAction":[{"@type":"ReadAction","target":["https:\/\/hurrah-experience.com\/es\/informacion-legal\/"]}]},{"@type":"BreadcrumbList","@id":"https:\/\/hurrah-experience.com\/es\/informacion-legal\/#breadcrumb","itemListElement":[{"@type":"ListItem","position":1,"name":"Accueil","item":"https:\/\/hurrah-experience.com\/es\/inicio\/"},{"@type":"ListItem","position":2,"name":"Informaci\u00f3n legal"}]},{"@type":"WebSite","@id":"https:\/\/hurrah-experience.com\/es\/#website","url":"https:\/\/hurrah-experience.com\/es\/","name":"Hurrah-Experience","description":"Structures gonflables et signal\u00e9tiques sportives","publisher":{"@id":"https:\/\/hurrah-experience.com\/es\/#organization"},"potentialAction":[{"@type":"SearchAction","target":{"@type":"EntryPoint","urlTemplate":"https:\/\/hurrah-experience.com\/es\/?s={search_term_string}"},"query-input":{"@type":"PropertyValueSpecification","valueRequired":true,"valueName":"search_term_string"}}],"inLanguage":"es"},{"@type":"Organization","@id":"https:\/\/hurrah-experience.com\/es\/#organization","name":"Hurrah","alternateName":"Hurrah","url":"https:\/\/hurrah-experience.com\/es\/","logo":{"@type":"ImageObject","inLanguage":"es","@id":"https:\/\/hurrah-experience.com\/es\/#\/schema\/logo\/image\/","url":"https:\/\/hurrah-experience.com\/wp-content\/uploads\/2025\/05\/oxford-orange.png","contentUrl":"https:\/\/hurrah-experience.com\/wp-content\/uploads\/2025\/05\/oxford-orange.png","width":742,"height":613,"caption":"Hurrah"},"image":{"@id":"https:\/\/hurrah-experience.com\/es\/#\/schema\/logo\/image\/"},"sameAs":["https:\/\/www.linkedin.com\/company\/hurrah-experience\/"]}]}},"rttpg_featured_image_url":null,"rttpg_author":{"display_name":"Quentin","author_link":"https:\/\/hurrah-experience.com\/es\/author\/onyygwwbzb\/"},"rttpg_comment":0,"rttpg_category":" <a href=\"https:\/\/hurrah-experience.com\/es\/?taxonomy=translation_priority&#038;term=opcional\" rel=\"tag\">Opcional<\/a>","rttpg_excerpt":"Informaci\u00f3n legal De conformidad con lo dispuesto en los art\u00edculos 6-III y 19 de la Ley n\u00ba 2004-575 de 21 de junio de 2004 para la Confianza en la Econom\u00eda Digital, conocida como L.C.E.N, los usuarios y visitantes del usuarios y visitantes del sitio web https:\/\/hurrah-experience.com quedan informados del presente aviso legal. Editor del sitio&hellip;","_links":{"self":[{"href":"https:\/\/hurrah-experience.com\/es\/wp-json\/wp\/v2\/pages\/3350","targetHints":{"allow":["GET"]}}],"collection":[{"href":"https:\/\/hurrah-experience.com\/es\/wp-json\/wp\/v2\/pages"}],"about":[{"href":"https:\/\/hurrah-experience.com\/es\/wp-json\/wp\/v2\/types\/page"}],"author":[{"embeddable":true,"href":"https:\/\/hurrah-experience.com\/es\/wp-json\/wp\/v2\/users\/1"}],"replies":[{"embeddable":true,"href":"https:\/\/hurrah-experience.com\/es\/wp-json\/wp\/v2\/comments?post=3350"}],"version-history":[{"count":9,"href":"https:\/\/hurrah-experience.com\/es\/wp-json\/wp\/v2\/pages\/3350\/revisions"}],"predecessor-version":[{"id":6823,"href":"https:\/\/hurrah-experience.com\/es\/wp-json\/wp\/v2\/pages\/3350\/revisions\/6823"}],"wp:attachment":[{"href":"https:\/\/hurrah-experience.com\/es\/wp-json\/wp\/v2\/media?parent=3350"}],"curies":[{"name":"wp","href":"https:\/\/api.w.org\/{rel}","templated":true}]}}