{"id":4207,"date":"2025-04-30T14:49:47","date_gmt":"2025-04-30T12:49:47","guid":{"rendered":"https:\/\/hurrah-experience.com\/vertraulichkeitspolitik\/"},"modified":"2025-05-14T11:38:03","modified_gmt":"2025-05-14T09:38:03","slug":"vertraulichkeitspolitik","status":"publish","type":"page","link":"https:\/\/hurrah-experience.com\/de\/vertraulichkeitspolitik\/","title":{"rendered":"Datenschutzrichtlinie"},"content":{"rendered":"\t\t<div data-elementor-type=\"wp-page\" data-elementor-id=\"4207\" class=\"elementor elementor-4207 elementor-4203\" data-elementor-post-type=\"page\">\n\t\t\t\t<div class=\"elementor-element elementor-element-8a2886b e-con-full e-flex e-con e-child\" data-id=\"8a2886b\" data-element_type=\"container\" data-e-type=\"container\">\n\t\t\t\t<div class=\"elementor-element elementor-element-e812982 elementor-widget elementor-widget-spacer\" data-id=\"e812982\" data-element_type=\"widget\" data-e-type=\"widget\" data-widget_type=\"spacer.default\">\n\t\t\t\t<div class=\"elementor-widget-container\">\n\t\t\t\t\t\t\t<div class=\"elementor-spacer\">\n\t\t\t<div class=\"elementor-spacer-inner\"><\/div>\n\t\t<\/div>\n\t\t\t\t\t\t<\/div>\n\t\t\t\t<\/div>\n\t\t\t\t<div class=\"elementor-element elementor-element-f0a673a elementor-widget elementor-widget-heading\" data-id=\"f0a673a\" data-element_type=\"widget\" data-e-type=\"widget\" data-widget_type=\"heading.default\">\n\t\t\t\t<div class=\"elementor-widget-container\">\n\t\t\t\t\t<h1 class=\"elementor-heading-title elementor-size-default\">Datenschutzrichtlinie<\/h1>\t\t\t\t<\/div>\n\t\t\t\t<\/div>\n\t\t\t\t<div class=\"elementor-element elementor-element-d958317 elementor-widget elementor-widget-spacer\" data-id=\"d958317\" data-element_type=\"widget\" data-e-type=\"widget\" data-widget_type=\"spacer.default\">\n\t\t\t\t<div class=\"elementor-widget-container\">\n\t\t\t\t\t\t\t<div class=\"elementor-spacer\">\n\t\t\t<div class=\"elementor-spacer-inner\"><\/div>\n\t\t<\/div>\n\t\t\t\t\t\t<\/div>\n\t\t\t\t<\/div>\n\t\t\t\t<div class=\"elementor-element elementor-element-b91b345 elementor-widget__width-initial elementor-widget elementor-widget-text-editor\" data-id=\"b91b345\" data-element_type=\"widget\" data-e-type=\"widget\" data-widget_type=\"text-editor.default\">\n\t\t\t\t<div class=\"elementor-widget-container\">\n\t\t\t\t\t\t\t\t\t<p>Letzte Aktualisierung: [01\/05\/2025].<br><strong>Die Website hurrah-experience.com legt besonderen Wert auf den Schutz Ihrer Daten.<\/strong> <strong>pers\u00f6nlichen Daten und Ihrer Privatsph\u00e4re. Diese Richtlinie soll Sie \u00fcber die <\/strong> <strong>wie Ihre Daten gesammelt, verwendet und gesch\u00fctzt werden.<\/strong><\/p>\t\t\t\t\t\t\t\t<\/div>\n\t\t\t\t<\/div>\n\t\t\t\t<div class=\"elementor-element elementor-element-9534c03 elementor-widget elementor-widget-spacer\" data-id=\"9534c03\" data-element_type=\"widget\" data-e-type=\"widget\" data-widget_type=\"spacer.default\">\n\t\t\t\t<div class=\"elementor-widget-container\">\n\t\t\t\t\t\t\t<div class=\"elementor-spacer\">\n\t\t\t<div class=\"elementor-spacer-inner\"><\/div>\n\t\t<\/div>\n\t\t\t\t\t\t<\/div>\n\t\t\t\t<\/div>\n\t\t<div class=\"elementor-element elementor-element-058f265 e-flex e-con-boxed e-con e-child\" data-id=\"058f265\" data-element_type=\"container\" data-e-type=\"container\">\n\t\t\t\t\t<div class=\"e-con-inner\">\n\t\t\t\t<div class=\"elementor-element elementor-element-aa29c64 elementor-widget__width-initial elementor-widget-mobile__width-inherit elementor-widget elementor-widget-text-editor\" data-id=\"aa29c64\" data-element_type=\"widget\" data-e-type=\"widget\" data-widget_type=\"text-editor.default\">\n\t\t\t\t<div class=\"elementor-widget-container\">\n\t\t\t\t\t\t\t\t\t<p><strong>1. Verantwortlich f\u00fcr die Verarbeitung<\/strong><\/p><p>Verantwortlich: Hurrah SAS<br>Adresse: 9 rue de l&#8217;Europe 56400 Plougoumelen<br>Kontakt-E-Mail: contact@hurrah-experience.com<\/p><p><strong>2. Gesammelte Daten<\/strong><\/p><p>Die auf der Website gesammelten pers\u00f6nlichen Daten k\u00f6nnen Folgendes umfassen:<br>- Name, Vorname<br>- E-Mail-Adresse<br>- Telefonnummer<br>- Navigationsdaten (Cookies, IP-Adresse, Browsertyp usw.)<br>Diese Daten werden gesammelt:<br>- \u00dcber die Kontaktformulare<br>- Bei der Anmeldung f\u00fcr einen Newsletter<br>- W\u00e4hrend des Surfens (\u00fcber Cookies, mit Ihrer Zustimmung).<\/p><p><strong>3. Zweck der Verarbeitung<\/strong><\/p><p>Die gesammelten Daten werden f\u00fcr folgende Zwecke verwendet:<br>- Beantwortung Ihrer Anfragen<br>- Verwaltung des Versands von E-Mails oder Newslettern (mit Ihrer Zustimmung)<br>- Verbesserung der Benutzererfahrung auf der Website<br>- Erstellung anonymer Statistiken<\/p>\t\t\t\t\t\t\t\t<\/div>\n\t\t\t\t<\/div>\n\t\t\t\t<div class=\"elementor-element elementor-element-8e887d5 elementor-widget-mobile__width-inherit elementor-widget elementor-widget-text-editor\" data-id=\"8e887d5\" data-element_type=\"widget\" data-e-type=\"widget\" data-widget_type=\"text-editor.default\">\n\t\t\t\t<div class=\"elementor-widget-container\">\n\t\t\t\t\t\t\t\t\t<p> <strong>4. Dauer der Aufbewahrung<\/strong><\/p><p>Die Daten werden gespeichert:<br>- Bis zu 3 Jahre nach dem letzten aktiven Kontakt bei Formularen<br>- Bis zu 3 Jahre nach dem letzten Klick bei Newslettern<br>- 13 Monate f\u00fcr Cookies zur Messung der Besucherzahlen<\/p><p><strong>5. Ihre Rechte<\/strong><\/p><p>Sie haben die folgenden Rechte:<\/p><p>- Recht auf Zugang zu Ihren Daten<br>- Recht auf Berichtigung oder L\u00f6schung<br>- Recht auf Widerspruch oder Einschr\u00e4nkung der Verarbeitung<br>- Recht auf Daten\u00fcbertragbarkeit<br>- Recht auf Beschwerde bei der CNIL<\/p><p><strong>Um Ihre Rechte auszu\u00fcben: [contact@hurrah-experience.com].<\/strong><\/p>\t\t\t\t\t\t\t\t<\/div>\n\t\t\t\t<\/div>\n\t\t\t\t\t<\/div>\n\t\t\t\t<\/div>\n\t\t\t\t<div class=\"elementor-element elementor-element-ccdadd7 elementor-widget elementor-widget-spacer\" data-id=\"ccdadd7\" data-element_type=\"widget\" data-e-type=\"widget\" data-widget_type=\"spacer.default\">\n\t\t\t\t<div class=\"elementor-widget-container\">\n\t\t\t\t\t\t\t<div class=\"elementor-spacer\">\n\t\t\t<div class=\"elementor-spacer-inner\"><\/div>\n\t\t<\/div>\n\t\t\t\t\t\t<\/div>\n\t\t\t\t<\/div>\n\t\t\t\t<\/div>\n\t\t\t\t<\/div>\n\t\t","protected":false},"excerpt":{"rendered":"<p>Datenschutzrichtlinie Letzte Aktualisierung: [01\/05\/2025].Die Website hurrah-experience.com legt besonderen Wert auf den Schutz Ihrer Daten. pers\u00f6nlichen Daten und Ihrer Privatsph\u00e4re. Diese Richtlinie soll Sie \u00fcber die wie Ihre Daten gesammelt, verwendet und gesch\u00fctzt werden. 1. Verantwortlich f\u00fcr die Verarbeitung Verantwortlich: Hurrah SASAdresse: 9 rue de l&#8217;Europe 56400 PlougoumelenKontakt-E-Mail: contact@hurrah-experience.com 2. Gesammelte Daten Die auf der Website [&hellip;]<\/p>\n","protected":false},"author":1,"featured_media":0,"parent":0,"menu_order":0,"comment_status":"closed","ping_status":"closed","template":"","meta":{"footnotes":""},"class_list":["post-4207","page","type-page","status-publish","hentry"],"yoast_head":"<!-- This site is optimized with the Yoast SEO plugin v27.4 - https:\/\/yoast.com\/product\/yoast-seo-wordpress\/ -->\n<title>Datenschutzrichtlinie - Hurrah<\/title>\n<meta name=\"robots\" content=\"index, follow, max-snippet:-1, max-image-preview:large, max-video-preview:-1\" \/>\n<link rel=\"canonical\" href=\"https:\/\/hurrah-experience.com\/de\/vertraulichkeitspolitik\/\" \/>\n<meta property=\"og:locale\" content=\"de_DE\" \/>\n<meta property=\"og:type\" content=\"article\" \/>\n<meta property=\"og:title\" content=\"Datenschutzrichtlinie - Hurrah\" \/>\n<meta property=\"og:description\" content=\"Datenschutzrichtlinie Letzte Aktualisierung: [01\/05\/2025].Die Website hurrah-experience.com legt besonderen Wert auf den Schutz Ihrer Daten. pers\u00f6nlichen Daten und Ihrer Privatsph\u00e4re. Diese Richtlinie soll Sie \u00fcber die wie Ihre Daten gesammelt, verwendet und gesch\u00fctzt werden. 1. Verantwortlich f\u00fcr die Verarbeitung Verantwortlich: Hurrah SASAdresse: 9 rue de l&#8217;Europe 56400 PlougoumelenKontakt-E-Mail: contact@hurrah-experience.com 2. Gesammelte Daten Die auf der Website [&hellip;]\" \/>\n<meta property=\"og:url\" content=\"https:\/\/hurrah-experience.com\/de\/vertraulichkeitspolitik\/\" \/>\n<meta property=\"og:site_name\" content=\"Hurrah\" \/>\n<meta property=\"article:modified_time\" content=\"2025-05-14T09:38:03+00:00\" \/>\n<meta name=\"twitter:card\" content=\"summary_large_image\" \/>\n<meta name=\"twitter:label1\" content=\"Gesch\u00e4tzte Lesezeit\" \/>\n\t<meta name=\"twitter:data1\" content=\"1\u00a0Minute\" \/>\n<script type=\"application\/ld+json\" class=\"yoast-schema-graph\">{\"@context\":\"https:\\\/\\\/schema.org\",\"@graph\":[{\"@type\":\"WebPage\",\"@id\":\"https:\\\/\\\/hurrah-experience.com\\\/de\\\/vertraulichkeitspolitik\\\/\",\"url\":\"https:\\\/\\\/hurrah-experience.com\\\/de\\\/vertraulichkeitspolitik\\\/\",\"name\":\"Datenschutzrichtlinie - Hurrah\",\"isPartOf\":{\"@id\":\"https:\\\/\\\/hurrah-experience.com\\\/de\\\/#website\"},\"datePublished\":\"2025-04-30T12:49:47+00:00\",\"dateModified\":\"2025-05-14T09:38:03+00:00\",\"breadcrumb\":{\"@id\":\"https:\\\/\\\/hurrah-experience.com\\\/de\\\/vertraulichkeitspolitik\\\/#breadcrumb\"},\"inLanguage\":\"de\",\"potentialAction\":[{\"@type\":\"ReadAction\",\"target\":[\"https:\\\/\\\/hurrah-experience.com\\\/de\\\/vertraulichkeitspolitik\\\/\"]}]},{\"@type\":\"BreadcrumbList\",\"@id\":\"https:\\\/\\\/hurrah-experience.com\\\/de\\\/vertraulichkeitspolitik\\\/#breadcrumb\",\"itemListElement\":[{\"@type\":\"ListItem\",\"position\":1,\"name\":\"Accueil\",\"item\":\"https:\\\/\\\/hurrah-experience.com\\\/de\\\/startseite\\\/\"},{\"@type\":\"ListItem\",\"position\":2,\"name\":\"Datenschutzrichtlinie\"}]},{\"@type\":\"WebSite\",\"@id\":\"https:\\\/\\\/hurrah-experience.com\\\/de\\\/#website\",\"url\":\"https:\\\/\\\/hurrah-experience.com\\\/de\\\/\",\"name\":\"Hurrah-Experience\",\"description\":\"Structures gonflables et signal\u00e9tiques sportives\",\"publisher\":{\"@id\":\"https:\\\/\\\/hurrah-experience.com\\\/de\\\/#organization\"},\"potentialAction\":[{\"@type\":\"SearchAction\",\"target\":{\"@type\":\"EntryPoint\",\"urlTemplate\":\"https:\\\/\\\/hurrah-experience.com\\\/de\\\/?s={search_term_string}\"},\"query-input\":{\"@type\":\"PropertyValueSpecification\",\"valueRequired\":true,\"valueName\":\"search_term_string\"}}],\"inLanguage\":\"de\"},{\"@type\":\"Organization\",\"@id\":\"https:\\\/\\\/hurrah-experience.com\\\/de\\\/#organization\",\"name\":\"Hurrah\",\"alternateName\":\"Hurrah\",\"url\":\"https:\\\/\\\/hurrah-experience.com\\\/de\\\/\",\"logo\":{\"@type\":\"ImageObject\",\"inLanguage\":\"de\",\"@id\":\"https:\\\/\\\/hurrah-experience.com\\\/de\\\/#\\\/schema\\\/logo\\\/image\\\/\",\"url\":\"https:\\\/\\\/hurrah-experience.com\\\/wp-content\\\/uploads\\\/2025\\\/05\\\/oxford-orange.png\",\"contentUrl\":\"https:\\\/\\\/hurrah-experience.com\\\/wp-content\\\/uploads\\\/2025\\\/05\\\/oxford-orange.png\",\"width\":742,\"height\":613,\"caption\":\"Hurrah\"},\"image\":{\"@id\":\"https:\\\/\\\/hurrah-experience.com\\\/de\\\/#\\\/schema\\\/logo\\\/image\\\/\"},\"sameAs\":[\"https:\\\/\\\/www.linkedin.com\\\/company\\\/hurrah-experience\\\/\"]}]}<\/script>\n<!-- \/ Yoast SEO plugin. -->","yoast_head_json":{"title":"Datenschutzrichtlinie - Hurrah","robots":{"index":"index","follow":"follow","max-snippet":"max-snippet:-1","max-image-preview":"max-image-preview:large","max-video-preview":"max-video-preview:-1"},"canonical":"https:\/\/hurrah-experience.com\/de\/vertraulichkeitspolitik\/","og_locale":"de_DE","og_type":"article","og_title":"Datenschutzrichtlinie - Hurrah","og_description":"Datenschutzrichtlinie Letzte Aktualisierung: [01\/05\/2025].Die Website hurrah-experience.com legt besonderen Wert auf den Schutz Ihrer Daten. pers\u00f6nlichen Daten und Ihrer Privatsph\u00e4re. Diese Richtlinie soll Sie \u00fcber die wie Ihre Daten gesammelt, verwendet und gesch\u00fctzt werden. 1. Verantwortlich f\u00fcr die Verarbeitung Verantwortlich: Hurrah SASAdresse: 9 rue de l&#8217;Europe 56400 PlougoumelenKontakt-E-Mail: contact@hurrah-experience.com 2. Gesammelte Daten Die auf der Website [&hellip;]","og_url":"https:\/\/hurrah-experience.com\/de\/vertraulichkeitspolitik\/","og_site_name":"Hurrah","article_modified_time":"2025-05-14T09:38:03+00:00","twitter_card":"summary_large_image","twitter_misc":{"Gesch\u00e4tzte Lesezeit":"1\u00a0Minute"},"schema":{"@context":"https:\/\/schema.org","@graph":[{"@type":"WebPage","@id":"https:\/\/hurrah-experience.com\/de\/vertraulichkeitspolitik\/","url":"https:\/\/hurrah-experience.com\/de\/vertraulichkeitspolitik\/","name":"Datenschutzrichtlinie - Hurrah","isPartOf":{"@id":"https:\/\/hurrah-experience.com\/de\/#website"},"datePublished":"2025-04-30T12:49:47+00:00","dateModified":"2025-05-14T09:38:03+00:00","breadcrumb":{"@id":"https:\/\/hurrah-experience.com\/de\/vertraulichkeitspolitik\/#breadcrumb"},"inLanguage":"de","potentialAction":[{"@type":"ReadAction","target":["https:\/\/hurrah-experience.com\/de\/vertraulichkeitspolitik\/"]}]},{"@type":"BreadcrumbList","@id":"https:\/\/hurrah-experience.com\/de\/vertraulichkeitspolitik\/#breadcrumb","itemListElement":[{"@type":"ListItem","position":1,"name":"Accueil","item":"https:\/\/hurrah-experience.com\/de\/startseite\/"},{"@type":"ListItem","position":2,"name":"Datenschutzrichtlinie"}]},{"@type":"WebSite","@id":"https:\/\/hurrah-experience.com\/de\/#website","url":"https:\/\/hurrah-experience.com\/de\/","name":"Hurrah-Experience","description":"Structures gonflables et signal\u00e9tiques sportives","publisher":{"@id":"https:\/\/hurrah-experience.com\/de\/#organization"},"potentialAction":[{"@type":"SearchAction","target":{"@type":"EntryPoint","urlTemplate":"https:\/\/hurrah-experience.com\/de\/?s={search_term_string}"},"query-input":{"@type":"PropertyValueSpecification","valueRequired":true,"valueName":"search_term_string"}}],"inLanguage":"de"},{"@type":"Organization","@id":"https:\/\/hurrah-experience.com\/de\/#organization","name":"Hurrah","alternateName":"Hurrah","url":"https:\/\/hurrah-experience.com\/de\/","logo":{"@type":"ImageObject","inLanguage":"de","@id":"https:\/\/hurrah-experience.com\/de\/#\/schema\/logo\/image\/","url":"https:\/\/hurrah-experience.com\/wp-content\/uploads\/2025\/05\/oxford-orange.png","contentUrl":"https:\/\/hurrah-experience.com\/wp-content\/uploads\/2025\/05\/oxford-orange.png","width":742,"height":613,"caption":"Hurrah"},"image":{"@id":"https:\/\/hurrah-experience.com\/de\/#\/schema\/logo\/image\/"},"sameAs":["https:\/\/www.linkedin.com\/company\/hurrah-experience\/"]}]}},"rttpg_featured_image_url":null,"rttpg_author":{"display_name":"Quentin","author_link":"https:\/\/hurrah-experience.com\/de\/author\/onyygwwbzb\/"},"rttpg_comment":0,"rttpg_category":" <a href=\"https:\/\/hurrah-experience.com\/de\/?taxonomy=translation_priority&#038;term=optional\" rel=\"tag\">Optional<\/a>","rttpg_excerpt":"Datenschutzrichtlinie Letzte Aktualisierung: [01\/05\/2025].Die Website hurrah-experience.com legt besonderen Wert auf den Schutz Ihrer Daten. pers\u00f6nlichen Daten und Ihrer Privatsph\u00e4re. Diese Richtlinie soll Sie \u00fcber die wie Ihre Daten gesammelt, verwendet und gesch\u00fctzt werden. 1. Verantwortlich f\u00fcr die Verarbeitung Verantwortlich: Hurrah SASAdresse: 9 rue de l&#8217;Europe 56400 PlougoumelenKontakt-E-Mail: contact@hurrah-experience.com 2. Gesammelte Daten Die auf der Website&hellip;","_links":{"self":[{"href":"https:\/\/hurrah-experience.com\/de\/wp-json\/wp\/v2\/pages\/4207","targetHints":{"allow":["GET"]}}],"collection":[{"href":"https:\/\/hurrah-experience.com\/de\/wp-json\/wp\/v2\/pages"}],"about":[{"href":"https:\/\/hurrah-experience.com\/de\/wp-json\/wp\/v2\/types\/page"}],"author":[{"embeddable":true,"href":"https:\/\/hurrah-experience.com\/de\/wp-json\/wp\/v2\/users\/1"}],"replies":[{"embeddable":true,"href":"https:\/\/hurrah-experience.com\/de\/wp-json\/wp\/v2\/comments?post=4207"}],"version-history":[{"count":8,"href":"https:\/\/hurrah-experience.com\/de\/wp-json\/wp\/v2\/pages\/4207\/revisions"}],"predecessor-version":[{"id":6838,"href":"https:\/\/hurrah-experience.com\/de\/wp-json\/wp\/v2\/pages\/4207\/revisions\/6838"}],"wp:attachment":[{"href":"https:\/\/hurrah-experience.com\/de\/wp-json\/wp\/v2\/media?parent=4207"}],"curies":[{"name":"wp","href":"https:\/\/api.w.org\/{rel}","templated":true}]}}