{"id":3365,"date":"2025-04-30T09:31:05","date_gmt":"2025-04-30T07:31:05","guid":{"rendered":"https:\/\/hurrah-experience.com\/rechtliche-hinweise\/"},"modified":"2025-05-14T11:36:17","modified_gmt":"2025-05-14T09:36:17","slug":"rechtliche-hinweise","status":"publish","type":"page","link":"https:\/\/hurrah-experience.com\/de\/rechtliche-hinweise\/","title":{"rendered":"Rechtliche Hinweise"},"content":{"rendered":"\t\t<div data-elementor-type=\"wp-page\" data-elementor-id=\"3365\" class=\"elementor elementor-3365 elementor-2768\" data-elementor-post-type=\"page\">\n\t\t\t\t<div class=\"elementor-element elementor-element-6b3c018 e-con-full e-flex e-con e-child\" data-id=\"6b3c018\" data-element_type=\"container\" data-e-type=\"container\">\n\t\t\t\t<div class=\"elementor-element elementor-element-fbafeb6 elementor-widget elementor-widget-spacer\" data-id=\"fbafeb6\" data-element_type=\"widget\" data-e-type=\"widget\" data-widget_type=\"spacer.default\">\n\t\t\t\t<div class=\"elementor-widget-container\">\n\t\t\t\t\t\t\t<div class=\"elementor-spacer\">\n\t\t\t<div class=\"elementor-spacer-inner\"><\/div>\n\t\t<\/div>\n\t\t\t\t\t\t<\/div>\n\t\t\t\t<\/div>\n\t\t\t\t<div class=\"elementor-element elementor-element-89dcbac elementor-widget elementor-widget-heading\" data-id=\"89dcbac\" data-element_type=\"widget\" data-e-type=\"widget\" data-widget_type=\"heading.default\">\n\t\t\t\t<div class=\"elementor-widget-container\">\n\t\t\t\t\t<h1 class=\"elementor-heading-title elementor-size-default\">Rechtliche Hinweise<\/h1>\t\t\t\t<\/div>\n\t\t\t\t<\/div>\n\t\t\t\t<div class=\"elementor-element elementor-element-638e3c5 elementor-widget elementor-widget-spacer\" data-id=\"638e3c5\" data-element_type=\"widget\" data-e-type=\"widget\" data-widget_type=\"spacer.default\">\n\t\t\t\t<div class=\"elementor-widget-container\">\n\t\t\t\t\t\t\t<div class=\"elementor-spacer\">\n\t\t\t<div class=\"elementor-spacer-inner\"><\/div>\n\t\t<\/div>\n\t\t\t\t\t\t<\/div>\n\t\t\t\t<\/div>\n\t\t\t\t<div class=\"elementor-element elementor-element-5b2ef7a elementor-widget__width-initial elementor-widget elementor-widget-text-editor\" data-id=\"5b2ef7a\" data-element_type=\"widget\" data-e-type=\"widget\" data-widget_type=\"text-editor.default\">\n\t\t\t\t<div class=\"elementor-widget-container\">\n\t\t\t\t\t\t\t\t\t<p><strong>Gem\u00e4\u00df den Bestimmungen der Artikel 6-III und 19 des Gesetzes Nr. 2004-575 vom 21. Juni 2004 \u00fcber die digitale Signatur.<\/strong> <strong>f\u00fcr das Vertrauen in die digitale Wirtschaft, auch L.C.E.N. genannt, wird auf Folgendes hingewiesen<\/strong> <strong>den Nutzern und Besuchern der Website https:\/\/hurrah-experience.com die vorliegenden Hinweise.<\/strong> <strong>.<\/strong><\/p>\t\t\t\t\t\t\t\t<\/div>\n\t\t\t\t<\/div>\n\t\t\t\t<div class=\"elementor-element elementor-element-8169029 elementor-widget elementor-widget-spacer\" data-id=\"8169029\" data-element_type=\"widget\" data-e-type=\"widget\" data-widget_type=\"spacer.default\">\n\t\t\t\t<div class=\"elementor-widget-container\">\n\t\t\t\t\t\t\t<div class=\"elementor-spacer\">\n\t\t\t<div class=\"elementor-spacer-inner\"><\/div>\n\t\t<\/div>\n\t\t\t\t\t\t<\/div>\n\t\t\t\t<\/div>\n\t\t<div class=\"elementor-element elementor-element-f12f8d1 e-flex e-con-boxed e-con e-child\" data-id=\"f12f8d1\" data-element_type=\"container\" data-e-type=\"container\">\n\t\t\t\t\t<div class=\"e-con-inner\">\n\t\t\t\t<div class=\"elementor-element elementor-element-b0e054f elementor-widget__width-initial elementor-widget-tablet__width-initial elementor-widget elementor-widget-text-editor\" data-id=\"b0e054f\" data-element_type=\"widget\" data-e-type=\"widget\" data-widget_type=\"text-editor.default\">\n\t\t\t\t<div class=\"elementor-widget-container\">\n\t\t\t\t\t\t\t\t\t<p><strong>Herausgeber der Website<\/strong><\/p>\n<p>Name des Unternehmens: HURRAH<br>Rechtsform: SAS<br>Verantwortlich f\u00fcr die Ver\u00f6ffentlichung: Quentin Charnol\u00e9<br>Adresse des Firmensitzes: 9 rue de l&#8217;Europe - 56400 Plougoumelen<br>E-mail: [contact@hurrah-experience.com]<br>SIRET-Nummer: [bitte ausf\u00fcllen]<br>Innergemeinschaftliche Mehrwertsteuernummer: [falls zutreffend]<\/p><p><br><\/p>\n<p><strong>Unterkunft<\/strong><\/p>\n<p>Name des Providers: Hover<br>Adresse des Providers 96 Mowat Avenue<br>Toronto, Ontario<br>M6K 3M1<br>CANADA<br>Website des Providers :  [https:\/\/www .hover.com \/]<\/p><p><br><\/p>\n<p><strong>Geistiges Eigentum<\/strong><\/p>\n<p>Alle Inhalte auf der Website hurrah-experience.com (Texte, Bilder, Grafiken, Logos, Videos, Icons, T\u00f6ne, Software usw.) sind durch die geltenden Gesetze \u00fcber geistiges Eigentum gesch\u00fctzt und sind das ausschlie\u00dfliche Eigentum von HURRAH, sofern nicht anders angegeben. Jede Vervielf\u00e4ltigung, Darstellung, \u00c4nderung, Ver\u00f6ffentlichung und Anpassung aller oder eines Teils der Elemente der Website, unabh\u00e4ngig von den verwendeten Mitteln oder Verfahren, ist ohne vorherige schriftliche Genehmigung untersagt. <\/p>\t\t\t\t\t\t\t\t<\/div>\n\t\t\t\t<\/div>\n\t\t\t\t<div class=\"elementor-element elementor-element-9c19518 elementor-widget-mobile__width-inherit elementor-widget elementor-widget-text-editor\" data-id=\"9c19518\" data-element_type=\"widget\" data-e-type=\"widget\" data-widget_type=\"text-editor.default\">\n\t\t\t\t<div class=\"elementor-widget-container\">\n\t\t\t\t\t\t\t\t\t<p><strong>Verantwortung<\/strong><\/p><p>HURRAH bem\u00fcht sich, auf hurrah-experience.com so genaue Informationen wie m\u00f6glich bereitzustellen. Sie kann jedoch nicht f\u00fcr Auslassungen, Ungenauigkeiten oder M\u00e4ngel bei der Aktualisierung haftbar gemacht werden. Der Nutzer der Website verpflichtet sich, die Website mit neuerem Material, das keine Viren enth\u00e4lt, und mit einem aktualisierten Browser aufzurufen.  <\/p><p><strong>Pers\u00f6nliche Daten<\/strong><\/p><p>Die auf dieser Website gesammelten pers\u00f6nlichen Daten sind nur f\u00fcr den internen Gebrauch bestimmt. Sie werden unter keinen Umst\u00e4nden an Dritte weitergegeben oder verkauft. Gem\u00e4\u00df der Allgemeinen Datenschutzverordnung (DSGVO) haben Sie das Recht, auf Ihre Daten zuzugreifen, sie zu berichtigen, zu widersprechen, einzuschr\u00e4nken und zu l\u00f6schen. F\u00fcr Anfragen wenden Sie sich bitte an: <strong>[contact@hurrah-experience.com].<\/strong>   <\/p><p><strong>Cookies<\/strong><\/p><p>Die Website hurrah-experience.com kann Cookies verwenden, um die Besucherzahlen zu messen oder die Benutzererfahrung zu verbessern. Der Nutzer kann seinen Browser so einstellen, dass er die Annahme von Cookies verweigert. <\/p><p><strong>Anwendbares Recht und Gerichtsbarkeit<\/strong><\/p><p>Die vorliegenden rechtlichen Hinweise unterliegen dem franz\u00f6sischen Recht. Im Falle eines Rechtsstreits sind die zust\u00e4ndigen franz\u00f6sischen Gerichte zust\u00e4ndig. <\/p>\t\t\t\t\t\t\t\t<\/div>\n\t\t\t\t<\/div>\n\t\t\t\t\t<\/div>\n\t\t\t\t<\/div>\n\t\t\t\t<div class=\"elementor-element elementor-element-2083332 elementor-widget elementor-widget-spacer\" data-id=\"2083332\" data-element_type=\"widget\" data-e-type=\"widget\" data-widget_type=\"spacer.default\">\n\t\t\t\t<div class=\"elementor-widget-container\">\n\t\t\t\t\t\t\t<div class=\"elementor-spacer\">\n\t\t\t<div class=\"elementor-spacer-inner\"><\/div>\n\t\t<\/div>\n\t\t\t\t\t\t<\/div>\n\t\t\t\t<\/div>\n\t\t\t\t<\/div>\n\t\t\t\t<\/div>\n\t\t","protected":false},"excerpt":{"rendered":"<p>Rechtliche Hinweise Gem\u00e4\u00df den Bestimmungen der Artikel 6-III und 19 des Gesetzes Nr. 2004-575 vom 21. Juni 2004 \u00fcber die digitale Signatur. f\u00fcr das Vertrauen in die digitale Wirtschaft, auch L.C.E.N. genannt, wird auf Folgendes hingewiesen den Nutzern und Besuchern der Website https:\/\/hurrah-experience.com die vorliegenden Hinweise. . Herausgeber der Website Name des Unternehmens: HURRAHRechtsform: SASVerantwortlich [&hellip;]<\/p>\n","protected":false},"author":1,"featured_media":0,"parent":0,"menu_order":0,"comment_status":"closed","ping_status":"closed","template":"","meta":{"footnotes":""},"class_list":["post-3365","page","type-page","status-publish","hentry"],"yoast_head":"<!-- This site is optimized with the Yoast SEO plugin v27.4 - https:\/\/yoast.com\/product\/yoast-seo-wordpress\/ -->\n<title>Rechtliche Hinweise - Hurrah<\/title>\n<meta name=\"robots\" content=\"index, follow, max-snippet:-1, max-image-preview:large, max-video-preview:-1\" \/>\n<link rel=\"canonical\" href=\"https:\/\/hurrah-experience.com\/de\/rechtliche-hinweise\/\" \/>\n<meta property=\"og:locale\" content=\"de_DE\" \/>\n<meta property=\"og:type\" content=\"article\" \/>\n<meta property=\"og:title\" content=\"Rechtliche Hinweise - Hurrah\" \/>\n<meta property=\"og:description\" content=\"Rechtliche Hinweise Gem\u00e4\u00df den Bestimmungen der Artikel 6-III und 19 des Gesetzes Nr. 2004-575 vom 21. Juni 2004 \u00fcber die digitale Signatur. f\u00fcr das Vertrauen in die digitale Wirtschaft, auch L.C.E.N. genannt, wird auf Folgendes hingewiesen den Nutzern und Besuchern der Website https:\/\/hurrah-experience.com die vorliegenden Hinweise. . Herausgeber der Website Name des Unternehmens: HURRAHRechtsform: SASVerantwortlich [&hellip;]\" \/>\n<meta property=\"og:url\" content=\"https:\/\/hurrah-experience.com\/de\/rechtliche-hinweise\/\" \/>\n<meta property=\"og:site_name\" content=\"Hurrah\" \/>\n<meta property=\"article:modified_time\" content=\"2025-05-14T09:36:17+00:00\" \/>\n<meta name=\"twitter:card\" content=\"summary_large_image\" \/>\n<meta name=\"twitter:label1\" content=\"Gesch\u00e4tzte Lesezeit\" \/>\n\t<meta name=\"twitter:data1\" content=\"2 Minuten\" \/>\n<script type=\"application\/ld+json\" class=\"yoast-schema-graph\">{\"@context\":\"https:\\\/\\\/schema.org\",\"@graph\":[{\"@type\":\"WebPage\",\"@id\":\"https:\\\/\\\/hurrah-experience.com\\\/de\\\/rechtliche-hinweise\\\/\",\"url\":\"https:\\\/\\\/hurrah-experience.com\\\/de\\\/rechtliche-hinweise\\\/\",\"name\":\"Rechtliche Hinweise - Hurrah\",\"isPartOf\":{\"@id\":\"https:\\\/\\\/hurrah-experience.com\\\/de\\\/#website\"},\"datePublished\":\"2025-04-30T07:31:05+00:00\",\"dateModified\":\"2025-05-14T09:36:17+00:00\",\"breadcrumb\":{\"@id\":\"https:\\\/\\\/hurrah-experience.com\\\/de\\\/rechtliche-hinweise\\\/#breadcrumb\"},\"inLanguage\":\"de\",\"potentialAction\":[{\"@type\":\"ReadAction\",\"target\":[\"https:\\\/\\\/hurrah-experience.com\\\/de\\\/rechtliche-hinweise\\\/\"]}]},{\"@type\":\"BreadcrumbList\",\"@id\":\"https:\\\/\\\/hurrah-experience.com\\\/de\\\/rechtliche-hinweise\\\/#breadcrumb\",\"itemListElement\":[{\"@type\":\"ListItem\",\"position\":1,\"name\":\"Accueil\",\"item\":\"https:\\\/\\\/hurrah-experience.com\\\/de\\\/startseite\\\/\"},{\"@type\":\"ListItem\",\"position\":2,\"name\":\"Rechtliche Hinweise\"}]},{\"@type\":\"WebSite\",\"@id\":\"https:\\\/\\\/hurrah-experience.com\\\/de\\\/#website\",\"url\":\"https:\\\/\\\/hurrah-experience.com\\\/de\\\/\",\"name\":\"Hurrah-Experience\",\"description\":\"Structures gonflables et signal\u00e9tiques sportives\",\"publisher\":{\"@id\":\"https:\\\/\\\/hurrah-experience.com\\\/de\\\/#organization\"},\"potentialAction\":[{\"@type\":\"SearchAction\",\"target\":{\"@type\":\"EntryPoint\",\"urlTemplate\":\"https:\\\/\\\/hurrah-experience.com\\\/de\\\/?s={search_term_string}\"},\"query-input\":{\"@type\":\"PropertyValueSpecification\",\"valueRequired\":true,\"valueName\":\"search_term_string\"}}],\"inLanguage\":\"de\"},{\"@type\":\"Organization\",\"@id\":\"https:\\\/\\\/hurrah-experience.com\\\/de\\\/#organization\",\"name\":\"Hurrah\",\"alternateName\":\"Hurrah\",\"url\":\"https:\\\/\\\/hurrah-experience.com\\\/de\\\/\",\"logo\":{\"@type\":\"ImageObject\",\"inLanguage\":\"de\",\"@id\":\"https:\\\/\\\/hurrah-experience.com\\\/de\\\/#\\\/schema\\\/logo\\\/image\\\/\",\"url\":\"https:\\\/\\\/hurrah-experience.com\\\/wp-content\\\/uploads\\\/2025\\\/05\\\/oxford-orange.png\",\"contentUrl\":\"https:\\\/\\\/hurrah-experience.com\\\/wp-content\\\/uploads\\\/2025\\\/05\\\/oxford-orange.png\",\"width\":742,\"height\":613,\"caption\":\"Hurrah\"},\"image\":{\"@id\":\"https:\\\/\\\/hurrah-experience.com\\\/de\\\/#\\\/schema\\\/logo\\\/image\\\/\"},\"sameAs\":[\"https:\\\/\\\/www.linkedin.com\\\/company\\\/hurrah-experience\\\/\"]}]}<\/script>\n<!-- \/ Yoast SEO plugin. -->","yoast_head_json":{"title":"Rechtliche Hinweise - Hurrah","robots":{"index":"index","follow":"follow","max-snippet":"max-snippet:-1","max-image-preview":"max-image-preview:large","max-video-preview":"max-video-preview:-1"},"canonical":"https:\/\/hurrah-experience.com\/de\/rechtliche-hinweise\/","og_locale":"de_DE","og_type":"article","og_title":"Rechtliche Hinweise - Hurrah","og_description":"Rechtliche Hinweise Gem\u00e4\u00df den Bestimmungen der Artikel 6-III und 19 des Gesetzes Nr. 2004-575 vom 21. Juni 2004 \u00fcber die digitale Signatur. f\u00fcr das Vertrauen in die digitale Wirtschaft, auch L.C.E.N. genannt, wird auf Folgendes hingewiesen den Nutzern und Besuchern der Website https:\/\/hurrah-experience.com die vorliegenden Hinweise. . Herausgeber der Website Name des Unternehmens: HURRAHRechtsform: SASVerantwortlich [&hellip;]","og_url":"https:\/\/hurrah-experience.com\/de\/rechtliche-hinweise\/","og_site_name":"Hurrah","article_modified_time":"2025-05-14T09:36:17+00:00","twitter_card":"summary_large_image","twitter_misc":{"Gesch\u00e4tzte Lesezeit":"2 Minuten"},"schema":{"@context":"https:\/\/schema.org","@graph":[{"@type":"WebPage","@id":"https:\/\/hurrah-experience.com\/de\/rechtliche-hinweise\/","url":"https:\/\/hurrah-experience.com\/de\/rechtliche-hinweise\/","name":"Rechtliche Hinweise - Hurrah","isPartOf":{"@id":"https:\/\/hurrah-experience.com\/de\/#website"},"datePublished":"2025-04-30T07:31:05+00:00","dateModified":"2025-05-14T09:36:17+00:00","breadcrumb":{"@id":"https:\/\/hurrah-experience.com\/de\/rechtliche-hinweise\/#breadcrumb"},"inLanguage":"de","potentialAction":[{"@type":"ReadAction","target":["https:\/\/hurrah-experience.com\/de\/rechtliche-hinweise\/"]}]},{"@type":"BreadcrumbList","@id":"https:\/\/hurrah-experience.com\/de\/rechtliche-hinweise\/#breadcrumb","itemListElement":[{"@type":"ListItem","position":1,"name":"Accueil","item":"https:\/\/hurrah-experience.com\/de\/startseite\/"},{"@type":"ListItem","position":2,"name":"Rechtliche Hinweise"}]},{"@type":"WebSite","@id":"https:\/\/hurrah-experience.com\/de\/#website","url":"https:\/\/hurrah-experience.com\/de\/","name":"Hurrah-Experience","description":"Structures gonflables et signal\u00e9tiques sportives","publisher":{"@id":"https:\/\/hurrah-experience.com\/de\/#organization"},"potentialAction":[{"@type":"SearchAction","target":{"@type":"EntryPoint","urlTemplate":"https:\/\/hurrah-experience.com\/de\/?s={search_term_string}"},"query-input":{"@type":"PropertyValueSpecification","valueRequired":true,"valueName":"search_term_string"}}],"inLanguage":"de"},{"@type":"Organization","@id":"https:\/\/hurrah-experience.com\/de\/#organization","name":"Hurrah","alternateName":"Hurrah","url":"https:\/\/hurrah-experience.com\/de\/","logo":{"@type":"ImageObject","inLanguage":"de","@id":"https:\/\/hurrah-experience.com\/de\/#\/schema\/logo\/image\/","url":"https:\/\/hurrah-experience.com\/wp-content\/uploads\/2025\/05\/oxford-orange.png","contentUrl":"https:\/\/hurrah-experience.com\/wp-content\/uploads\/2025\/05\/oxford-orange.png","width":742,"height":613,"caption":"Hurrah"},"image":{"@id":"https:\/\/hurrah-experience.com\/de\/#\/schema\/logo\/image\/"},"sameAs":["https:\/\/www.linkedin.com\/company\/hurrah-experience\/"]}]}},"rttpg_featured_image_url":null,"rttpg_author":{"display_name":"Quentin","author_link":"https:\/\/hurrah-experience.com\/de\/author\/onyygwwbzb\/"},"rttpg_comment":0,"rttpg_category":" <a href=\"https:\/\/hurrah-experience.com\/de\/?taxonomy=translation_priority&#038;term=optional\" rel=\"tag\">Optional<\/a>","rttpg_excerpt":"Rechtliche Hinweise Gem\u00e4\u00df den Bestimmungen der Artikel 6-III und 19 des Gesetzes Nr. 2004-575 vom 21. Juni 2004 \u00fcber die digitale Signatur. f\u00fcr das Vertrauen in die digitale Wirtschaft, auch L.C.E.N. genannt, wird auf Folgendes hingewiesen den Nutzern und Besuchern der Website https:\/\/hurrah-experience.com die vorliegenden Hinweise. . Herausgeber der Website Name des Unternehmens: HURRAHRechtsform: SASVerantwortlich&hellip;","_links":{"self":[{"href":"https:\/\/hurrah-experience.com\/de\/wp-json\/wp\/v2\/pages\/3365","targetHints":{"allow":["GET"]}}],"collection":[{"href":"https:\/\/hurrah-experience.com\/de\/wp-json\/wp\/v2\/pages"}],"about":[{"href":"https:\/\/hurrah-experience.com\/de\/wp-json\/wp\/v2\/types\/page"}],"author":[{"embeddable":true,"href":"https:\/\/hurrah-experience.com\/de\/wp-json\/wp\/v2\/users\/1"}],"replies":[{"embeddable":true,"href":"https:\/\/hurrah-experience.com\/de\/wp-json\/wp\/v2\/comments?post=3365"}],"version-history":[{"count":9,"href":"https:\/\/hurrah-experience.com\/de\/wp-json\/wp\/v2\/pages\/3365\/revisions"}],"predecessor-version":[{"id":6821,"href":"https:\/\/hurrah-experience.com\/de\/wp-json\/wp\/v2\/pages\/3365\/revisions\/6821"}],"wp:attachment":[{"href":"https:\/\/hurrah-experience.com\/de\/wp-json\/wp\/v2\/media?parent=3365"}],"curies":[{"name":"wp","href":"https:\/\/api.w.org\/{rel}","templated":true}]}}